{"id":704,"date":"2015-04-22T09:54:00","date_gmt":"2015-04-22T09:54:00","guid":{"rendered":"http:\/\/www.pruebas.promocion3d.com\/?page_id=704"},"modified":"2017-05-23T16:50:53","modified_gmt":"2017-05-23T16:50:53","slug":"qui-som","status":"publish","type":"page","link":"https:\/\/www.fincasmoles.com\/ca\/qui-som\/","title":{"rendered":"Qui som"},"content":{"rendered":"<p>&nbsp;<\/p>\n<div style=\"width: 400px; float: left; margin-right: 25px;\"><img decoding=\"async\" loading=\"lazy\" class=\" wp-image-292\" src=\"http:\/\/www.fincasmoles.com\/wp-content\/uploads\/2014\/09\/somos01.jpg\" alt=\"somos01\" width=\"381\" height=\"230\" srcset=\"https:\/\/www.fincasmoles.com\/wp-content\/uploads\/2014\/09\/somos01.jpg 500w, https:\/\/www.fincasmoles.com\/wp-content\/uploads\/2014\/09\/somos01-300x181.jpg 300w\" sizes=\"(max-width: 381px) 100vw, 381px\" \/><\/div>\n<div style=\"width: 50%; float: left; margin-right: 7px;\">\n<blockquote>\n<p><span style=\"color: #c73a41;\"><strong>Fincas Moles S.L.<\/strong><\/span> som una <strong>empresa familiar<\/strong> dedicada al servei inmobiliari a Barcelona <strong>des de ja fa m\u00e9s de 100 anys.<\/strong><\/p>\n<\/blockquote>\n<\/div>\n<p>&nbsp;<\/p>\n<p>&nbsp;<\/p>\n<p>&nbsp;<\/p>\n<p>&nbsp;<\/p>\n<p>El despatx, els coneixements i metodologies de feina han anat passant de pares a fills essent ja <strong>la quarta generaci\u00f3 al front de l\u2019empresa. <\/strong><\/p>\n<p>La nostra actuaci\u00f3 es centra a l\u2019\u00e0rea metropolitana de Barcelona tot i que tenim tamb\u00e9 pres\u00e8ncia a la prov\u00edncia.<\/p>\n<p>&nbsp;<\/p>\n<p style=\"text-align: left;\">\u00a0<\/p>\n<div style=\"clear: both;\">\n<h3 style=\"text-align: left;\">\u00bfPERQU\u00c9 CONFIAR EN FINCAS MOLES?<\/h3>\n<ul>\n<li>M\u00e9s de <span style=\"color: #d0301b;\"><strong>un sigle d&#8217;experi\u00e8ncia<\/strong><\/span> acumulada en el sector inmobiliari.<\/li>\n<li>Per <span style=\"color: #d0301b;\"><strong>l\u2019atenci\u00f3 i gesti\u00f3 personalitzada <\/strong><span style=\"color: #000000;\">en cada cas.<\/span><\/span><\/li>\n<li style=\"text-align: justify;\">Per un <span style=\"color: #d0301b;\"><strong>tracte proper i directe<\/strong><\/span>, oferint confian\u00e7a per poder plantejar dubtes i suggeriments amb total llibertat i una comunicaci\u00f3 r\u00e0pida i flu\u00cfda amb vost\u00e8.<\/li>\n<li style=\"text-align: justify;\">Por unas <strong><span style=\"color: #d0301b;\">instalaciones e infraestructuras.<\/span>\u00a0<\/strong>Posem a la seva disposici\u00f3 fins a 3 sales de juntes de capacitats diferents. Emprem el software de gesti\u00f3 m\u00e9s avan\u00e7at i ens comuniquem amb vost\u00e8 mitjan\u00e7ant e-mail o a trav\u00e9s de la <a href=\"http:\/\/www.fincasmoles.com\/zonacliente\/index.php?idioma=cat\" target=\"_blank\" rel=\"noopener noreferrer\">nostra intranet<\/a>, concebuda com un canal de comunicaci\u00f3 addicional sense menysprear el correu tradicional.<\/li>\n<li>\u00a0Per la <strong><span style=\"color: #d0301b;\">qualitat i diversitat de les gestions.<\/span>\u00a0<\/strong>Actes, gestions en organismes oficials, liquidacions, comunicacions a propietaris, tramitaci\u00f3 de llic\u00e8ncies d\u2019obres, subvencions, sol\u2022licitud i comparaci\u00f3 de pressupostos, etc., s\u00f3n tan sols alguns exemples dels serveis que oferim.<\/li>\n<\/ul>\n<p><div id=\"attachment_693\" style=\"width: 228px\" class=\"wp-caption alignleft\"><img aria-describedby=\"caption-attachment-693\" decoding=\"async\" loading=\"lazy\" class=\"wp-image-693\" src=\"http:\/\/www.fincasmoles.com\/wp-content\/uploads\/2014\/09\/q-ramon-200x300.jpg\" alt=\"q-ramon\" width=\"218\" height=\"327\" srcset=\"https:\/\/www.fincasmoles.com\/wp-content\/uploads\/2014\/09\/q-ramon-200x300.jpg 200w, https:\/\/www.fincasmoles.com\/wp-content\/uploads\/2014\/09\/q-ramon.jpg 400w\" sizes=\"(max-width: 218px) 100vw, 218px\" \/><p id=\"caption-attachment-693\" class=\"wp-caption-text\"><strong>RAMON MOLES MATA<\/strong><br \/>\n Arquitecte T\u00e9cnic, Administrador de Finques, Agent de la Propietat Inmobili\u00e0ria<\/p><\/div> <div id=\"attachment_694\" style=\"width: 228px\" class=\"wp-caption alignleft\"><img aria-describedby=\"caption-attachment-694\" decoding=\"async\" loading=\"lazy\" class=\"wp-image-694\" src=\"http:\/\/www.fincasmoles.com\/wp-content\/uploads\/2014\/09\/q-cristina-200x300.jpg\" alt=\"q-cristina\" width=\"218\" height=\"327\" srcset=\"https:\/\/www.fincasmoles.com\/wp-content\/uploads\/2014\/09\/q-cristina-200x300.jpg 200w, https:\/\/www.fincasmoles.com\/wp-content\/uploads\/2014\/09\/q-cristina.jpg 400w\" sizes=\"(max-width: 218px) 100vw, 218px\" \/><p id=\"caption-attachment-694\" class=\"wp-caption-text\"><strong>CRISTINA MOLES ENA<\/strong><br \/>\n Abogada, Administradora de Finques<\/p><\/div> <div id=\"attachment_695\" style=\"width: 228px\" class=\"wp-caption alignleft\"><img aria-describedby=\"caption-attachment-695\" decoding=\"async\" loading=\"lazy\" class=\"wp-image-695\" src=\"http:\/\/www.fincasmoles.com\/wp-content\/uploads\/2014\/09\/q-mireia-200x300.jpg\" alt=\"q-mireia\" width=\"218\" height=\"327\" srcset=\"https:\/\/www.fincasmoles.com\/wp-content\/uploads\/2014\/09\/q-mireia-200x300.jpg 200w, https:\/\/www.fincasmoles.com\/wp-content\/uploads\/2014\/09\/q-mireia.jpg 400w\" sizes=\"(max-width: 218px) 100vw, 218px\" \/><p id=\"caption-attachment-695\" class=\"wp-caption-text\"><strong>MIREIA MOLES ENA<\/strong><br \/>\n Arquitecta T\u00e8cnica Graduada en Estudis Inmobiliaris i de la Construcci\u00f3, Administradora de Finques, Agent de la Propietat Inmobili\u00e0ria<\/p><\/div> <div id=\"attachment_692\" style=\"width: 228px\" class=\"wp-caption alignleft\"><img aria-describedby=\"caption-attachment-692\" decoding=\"async\" loading=\"lazy\" class=\"wp-image-692\" src=\"http:\/\/www.fincasmoles.com\/wp-content\/uploads\/2014\/09\/q-monica-200x300.jpg\" alt=\"q-monica\" width=\"218\" height=\"327\" srcset=\"https:\/\/www.fincasmoles.com\/wp-content\/uploads\/2014\/09\/q-monica-200x300.jpg 200w, https:\/\/www.fincasmoles.com\/wp-content\/uploads\/2014\/09\/q-monica.jpg 400w\" sizes=\"(max-width: 218px) 100vw, 218px\" \/><p id=\"caption-attachment-692\" class=\"wp-caption-text\"><strong>M\u00d3NICA MOLES ENA<\/strong><br \/>\n Economista Administradora de Finques, Agent de la Propietat Inmobili\u00e0ria<\/p><\/div><\/p>\n<p>&nbsp;<\/p>\n<\/div>\n","protected":false},"excerpt":{"rendered":"<p>&nbsp; Fincas Moles S.L. som una empresa familiar dedicada al servei inmobiliari a Barcelona des de ja fa m\u00e9s de 100 anys. &nbsp; &nbsp; &nbsp; &nbsp; El despatx, els coneixements i metodologies de feina han anat passant de pares a fills essent ja la quarta generaci\u00f3 al front de l\u2019empresa. La nostra actuaci\u00f3 es centra&#8230;<a href=\"https:\/\/www.fincasmoles.com\/ca\/qui-som\/\" class=\"epl-more-link\">Llegir m\u00e9s&rarr;<\/a><\/p>\n","protected":false},"author":2,"featured_media":0,"parent":0,"menu_order":0,"comment_status":"open","ping_status":"open","template":"","meta":[],"yoast_head":"<!-- This site is optimized with the Yoast SEO plugin v19.9 - https:\/\/yoast.com\/wordpress\/plugins\/seo\/ -->\n<title>Qui som - Fincas Moles<\/title>\n<meta name=\"robots\" content=\"index, follow, max-snippet:-1, max-image-preview:large, max-video-preview:-1\" \/>\n<link rel=\"canonical\" href=\"https:\/\/www.fincasmoles.com\/ca\/qui-som\/\" \/>\n<meta property=\"og:locale\" content=\"ca_ES\" \/>\n<meta property=\"og:type\" content=\"article\" \/>\n<meta property=\"og:title\" content=\"Qui som - Fincas Moles\" \/>\n<meta property=\"og:description\" content=\"&nbsp; Fincas Moles S.L. som una empresa familiar dedicada al servei inmobiliari a Barcelona des de ja fa m\u00e9s de 100 anys. &nbsp; &nbsp; &nbsp; &nbsp; El despatx, els coneixements i metodologies de feina han anat passant de pares a fills essent ja la quarta generaci\u00f3 al front de l\u2019empresa. La nostra actuaci\u00f3 es centra...Llegir m\u00e9s&rarr;\" \/>\n<meta property=\"og:url\" content=\"https:\/\/www.fincasmoles.com\/ca\/qui-som\/\" \/>\n<meta property=\"og:site_name\" content=\"Fincas Moles\" \/>\n<meta property=\"article:modified_time\" content=\"2017-05-23T16:50:53+00:00\" \/>\n<meta property=\"og:image\" content=\"http:\/\/www.fincasmoles.com\/wp-content\/uploads\/2014\/09\/somos01.jpg\" \/>\n<meta name=\"twitter:label1\" content=\"Temps estimat de lectura\" \/>\n\t<meta name=\"twitter:data1\" content=\"2 minuts\" \/>\n<script type=\"application\/ld+json\" class=\"yoast-schema-graph\">{\"@context\":\"https:\/\/schema.org\",\"@graph\":[{\"@type\":\"WebPage\",\"@id\":\"https:\/\/www.fincasmoles.com\/ca\/qui-som\/\",\"url\":\"https:\/\/www.fincasmoles.com\/ca\/qui-som\/\",\"name\":\"Qui som - Fincas Moles\",\"isPartOf\":{\"@id\":\"https:\/\/www.fincasmoles.com\/en\/#website\"},\"datePublished\":\"2015-04-22T09:54:00+00:00\",\"dateModified\":\"2017-05-23T16:50:53+00:00\",\"breadcrumb\":{\"@id\":\"https:\/\/www.fincasmoles.com\/ca\/qui-som\/#breadcrumb\"},\"inLanguage\":\"ca\",\"potentialAction\":[{\"@type\":\"ReadAction\",\"target\":[\"https:\/\/www.fincasmoles.com\/ca\/qui-som\/\"]}]},{\"@type\":\"BreadcrumbList\",\"@id\":\"https:\/\/www.fincasmoles.com\/ca\/qui-som\/#breadcrumb\",\"itemListElement\":[{\"@type\":\"ListItem\",\"position\":1,\"name\":\"Portada\",\"item\":\"http:\/\/www.fincasmoles.com\/ca\/\"},{\"@type\":\"ListItem\",\"position\":2,\"name\":\"Qui som\"}]},{\"@type\":\"WebSite\",\"@id\":\"https:\/\/www.fincasmoles.com\/en\/#website\",\"url\":\"https:\/\/www.fincasmoles.com\/en\/\",\"name\":\"Fincas Moles\",\"description\":\"Moles\",\"potentialAction\":[{\"@type\":\"SearchAction\",\"target\":{\"@type\":\"EntryPoint\",\"urlTemplate\":\"https:\/\/www.fincasmoles.com\/en\/?s={search_term_string}\"},\"query-input\":\"required name=search_term_string\"}],\"inLanguage\":\"ca\"}]}<\/script>\n<!-- \/ Yoast SEO plugin. -->","yoast_head_json":{"title":"Qui som - Fincas Moles","robots":{"index":"index","follow":"follow","max-snippet":"max-snippet:-1","max-image-preview":"max-image-preview:large","max-video-preview":"max-video-preview:-1"},"canonical":"https:\/\/www.fincasmoles.com\/ca\/qui-som\/","og_locale":"ca_ES","og_type":"article","og_title":"Qui som - Fincas Moles","og_description":"&nbsp; Fincas Moles S.L. som una empresa familiar dedicada al servei inmobiliari a Barcelona des de ja fa m\u00e9s de 100 anys. &nbsp; &nbsp; &nbsp; &nbsp; El despatx, els coneixements i metodologies de feina han anat passant de pares a fills essent ja la quarta generaci\u00f3 al front de l\u2019empresa. La nostra actuaci\u00f3 es centra...Llegir m\u00e9s&rarr;","og_url":"https:\/\/www.fincasmoles.com\/ca\/qui-som\/","og_site_name":"Fincas Moles","article_modified_time":"2017-05-23T16:50:53+00:00","og_image":[{"url":"http:\/\/www.fincasmoles.com\/wp-content\/uploads\/2014\/09\/somos01.jpg"}],"twitter_misc":{"Temps estimat de lectura":"2 minuts"},"schema":{"@context":"https:\/\/schema.org","@graph":[{"@type":"WebPage","@id":"https:\/\/www.fincasmoles.com\/ca\/qui-som\/","url":"https:\/\/www.fincasmoles.com\/ca\/qui-som\/","name":"Qui som - Fincas Moles","isPartOf":{"@id":"https:\/\/www.fincasmoles.com\/en\/#website"},"datePublished":"2015-04-22T09:54:00+00:00","dateModified":"2017-05-23T16:50:53+00:00","breadcrumb":{"@id":"https:\/\/www.fincasmoles.com\/ca\/qui-som\/#breadcrumb"},"inLanguage":"ca","potentialAction":[{"@type":"ReadAction","target":["https:\/\/www.fincasmoles.com\/ca\/qui-som\/"]}]},{"@type":"BreadcrumbList","@id":"https:\/\/www.fincasmoles.com\/ca\/qui-som\/#breadcrumb","itemListElement":[{"@type":"ListItem","position":1,"name":"Portada","item":"http:\/\/www.fincasmoles.com\/ca\/"},{"@type":"ListItem","position":2,"name":"Qui som"}]},{"@type":"WebSite","@id":"https:\/\/www.fincasmoles.com\/en\/#website","url":"https:\/\/www.fincasmoles.com\/en\/","name":"Fincas Moles","description":"Moles","potentialAction":[{"@type":"SearchAction","target":{"@type":"EntryPoint","urlTemplate":"https:\/\/www.fincasmoles.com\/en\/?s={search_term_string}"},"query-input":"required name=search_term_string"}],"inLanguage":"ca"}]}},"_links":{"self":[{"href":"https:\/\/www.fincasmoles.com\/ca\/wp-json\/wp\/v2\/pages\/704"}],"collection":[{"href":"https:\/\/www.fincasmoles.com\/ca\/wp-json\/wp\/v2\/pages"}],"about":[{"href":"https:\/\/www.fincasmoles.com\/ca\/wp-json\/wp\/v2\/types\/page"}],"author":[{"embeddable":true,"href":"https:\/\/www.fincasmoles.com\/ca\/wp-json\/wp\/v2\/users\/2"}],"replies":[{"embeddable":true,"href":"https:\/\/www.fincasmoles.com\/ca\/wp-json\/wp\/v2\/comments?post=704"}],"version-history":[{"count":0,"href":"https:\/\/www.fincasmoles.com\/ca\/wp-json\/wp\/v2\/pages\/704\/revisions"}],"wp:attachment":[{"href":"https:\/\/www.fincasmoles.com\/ca\/wp-json\/wp\/v2\/media?parent=704"}],"curies":[{"name":"wp","href":"https:\/\/api.w.org\/{rel}","templated":true}]}}