{"id":776,"date":"2015-04-23T09:06:00","date_gmt":"2015-04-23T09:06:00","guid":{"rendered":"http:\/\/www.pruebas.promocion3d.com\/?page_id=776"},"modified":"2017-05-23T17:03:44","modified_gmt":"2017-05-23T17:03:44","slug":"administracio-de-finques-comunitats-de-propietaris","status":"publish","type":"page","link":"http:\/\/www.fincasmoles.com\/ca\/administracio-de-finques-comunitats-de-propietaris\/","title":{"rendered":"ADMINISTRACI\u00d3 DE FINQUES \u2013 COMUNITATS DE PROPIETARIS"},"content":{"rendered":"<p>&nbsp;<\/p>\n<div style=\"width: 500px;\">\n<blockquote>\n<p><span style=\"color: #c73a41;\">PERMANENTMENT al seu costat gestionant la comunitat.<\/span><\/p>\n<\/blockquote>\n<\/div>\n<p>&nbsp;<\/p>\n<p><img decoding=\"async\" loading=\"lazy\" class=\"alignright wp-image-858\" src=\"http:\/\/www.fincasmoles.com\/wp-content\/uploads\/2015\/04\/infografia-comunidad-CAT.jpg\" alt=\"\" width=\"371\" height=\"371\" srcset=\"http:\/\/www.fincasmoles.com\/wp-content\/uploads\/2015\/04\/infografia-comunidad-CAT.jpg 567w, http:\/\/www.fincasmoles.com\/wp-content\/uploads\/2015\/04\/infografia-comunidad-CAT-300x300.jpg 300w, http:\/\/www.fincasmoles.com\/wp-content\/uploads\/2015\/04\/infografia-comunidad-CAT-100x100.jpg 100w\" sizes=\"(max-width: 371px) 100vw, 371px\" \/>Gesti\u00f3 del dia a dia oferint la m\u00e9s propera, adequada i \u00e0gil administraci\u00f3, el seu consultor de confian\u00e7a que exigeix l\u2019excepcional i variada problem\u00e0tica de les comunitats de propietaris.<\/p>\n<p><strong>\u00a0<\/strong><\/p>\n<ul>\n<li>Constituci\u00f3 de la Comunitat de Propietaris.<\/li>\n<li>Cobraments de rebuts de provisions de fons i derrames extraordin\u00e0ries sense despeses banc\u00e0ries.<\/li>\n<li>Pagaments puntuals a prove\u00efdors i industrials.<\/li>\n<li>Estat de comptes actualitzat.<\/li>\n<li>Liquidacions anuals, semestrals o trimestrals.<\/li>\n<li><a href=\"http:\/\/www.fincasmoles.com\/zonacliente\/index.php?idioma=cat\">Oficina web 24 hores.<\/a><\/li>\n<li>Estudi pressupostari.<\/li>\n<li>Control i gesti\u00f3 de la morositat.<\/li>\n<li>Assist\u00e8ncia a juntes en el nostre despatx o en la pr\u00f2pia finca.<\/li>\n<li>Tramitaci\u00f3 de sinistres.<\/li>\n<li>Assessorament<a href=\"http:\/\/www.fincasmoles.com\/ca\/departamento-juridico\/?lang=ca\"> Jur\u00eddic<\/a>,\u00a0<a href=\"http:\/\/www.fincasmoles.com\/ca\/departamento-tecnico\/\">T\u00e9cnic<\/a>,\u00a0<a href=\"http:\/\/www.fincasmoles.com\/gestion-patrimonial\/\">Laboral, Fiscal i Comptable.<\/a><\/li>\n<li>Assessorament en el <a href=\"http:\/\/www.fincasmoles.com\/ca\/llistat-dinmobles\/administracio-dels-lloguers\/?lang=ca\">lloguer<\/a> i\/o\u00a0<a href=\"http:\/\/www.fincasmoles.com\/ca\/llistat-dinmobles\/vendre-el-seu-pis-o-local\/?lang=ca\">venda<\/a>\u00a0de la seva propietat.<\/li>\n<\/ul>\n<p>&nbsp;<\/p>\n<p>&nbsp;<\/p>\n<p><img decoding=\"async\" loading=\"lazy\" class=\"aligncenter  wp-image-278\" src=\"http:\/\/www.fincasmoles.com\/wp-content\/uploads\/2014\/09\/despacho-comunidad.jpg\" alt=\"despacho-comunidad\" width=\"885\" height=\"239\" srcset=\"http:\/\/www.fincasmoles.com\/wp-content\/uploads\/2014\/09\/despacho-comunidad.jpg 1000w, http:\/\/www.fincasmoles.com\/wp-content\/uploads\/2014\/09\/despacho-comunidad-300x81.jpg 300w\" sizes=\"(max-width: 885px) 100vw, 885px\" \/><\/p>\n<p>\u00a0 <img decoding=\"async\" loading=\"lazy\" class=\" size-full wp-image-511 alignright\" src=\"http:\/\/www.fincasmoles.com\/wp-content\/uploads\/2014\/09\/Logo-alquiler2.jpg\" alt=\"Logo-alquiler2\" width=\"273\" height=\"93\" \/><\/p>\n","protected":false},"excerpt":{"rendered":"<p>&nbsp; PERMANENTMENT al seu costat gestionant la comunitat. &nbsp; Gesti\u00f3 del dia a dia oferint la m\u00e9s propera, adequada i \u00e0gil administraci\u00f3, el seu consultor de confian\u00e7a que exigeix l\u2019excepcional i variada problem\u00e0tica de les comunitats de propietaris. \u00a0 Constituci\u00f3 de la Comunitat de Propietaris. Cobraments de rebuts de provisions de fons i derrames extraordin\u00e0ries&#8230;<a href=\"http:\/\/www.fincasmoles.com\/ca\/administracio-de-finques-comunitats-de-propietaris\/\" class=\"epl-more-link\">Llegir m\u00e9s&rarr;<\/a><\/p>\n","protected":false},"author":2,"featured_media":0,"parent":0,"menu_order":6,"comment_status":"open","ping_status":"closed","template":"","meta":[],"yoast_head":"<!-- This site is optimized with the Yoast SEO plugin v19.9 - https:\/\/yoast.com\/wordpress\/plugins\/seo\/ -->\n<title>ADMINISTRACI\u00d3 DE FINQUES \u2013 COMUNITATS DE PROPIETARIS - Fincas Moles<\/title>\n<meta name=\"robots\" content=\"index, follow, max-snippet:-1, max-image-preview:large, max-video-preview:-1\" \/>\n<link rel=\"canonical\" href=\"http:\/\/www.fincasmoles.com\/ca\/administracio-de-finques-comunitats-de-propietaris\/\" \/>\n<meta property=\"og:locale\" content=\"ca_ES\" \/>\n<meta property=\"og:type\" content=\"article\" \/>\n<meta property=\"og:title\" content=\"ADMINISTRACI\u00d3 DE FINQUES \u2013 COMUNITATS DE PROPIETARIS - Fincas Moles\" \/>\n<meta property=\"og:description\" content=\"&nbsp; PERMANENTMENT al seu costat gestionant la comunitat. &nbsp; Gesti\u00f3 del dia a dia oferint la m\u00e9s propera, adequada i \u00e0gil administraci\u00f3, el seu consultor de confian\u00e7a que exigeix l\u2019excepcional i variada problem\u00e0tica de les comunitats de propietaris. \u00a0 Constituci\u00f3 de la Comunitat de Propietaris. Cobraments de rebuts de provisions de fons i derrames extraordin\u00e0ries...Llegir m\u00e9s&rarr;\" \/>\n<meta property=\"og:url\" content=\"http:\/\/www.fincasmoles.com\/ca\/administracio-de-finques-comunitats-de-propietaris\/\" \/>\n<meta property=\"og:site_name\" content=\"Fincas Moles\" \/>\n<meta property=\"article:modified_time\" content=\"2017-05-23T17:03:44+00:00\" \/>\n<meta property=\"og:image\" content=\"http:\/\/www.fincasmoles.com\/wp-content\/uploads\/2015\/04\/infografia-comunidad-CAT.jpg\" \/>\n<meta name=\"twitter:label1\" content=\"Temps estimat de lectura\" \/>\n\t<meta name=\"twitter:data1\" content=\"1 minut\" \/>\n<script type=\"application\/ld+json\" class=\"yoast-schema-graph\">{\"@context\":\"https:\/\/schema.org\",\"@graph\":[{\"@type\":\"WebPage\",\"@id\":\"http:\/\/www.fincasmoles.com\/ca\/administracio-de-finques-comunitats-de-propietaris\/\",\"url\":\"http:\/\/www.fincasmoles.com\/ca\/administracio-de-finques-comunitats-de-propietaris\/\",\"name\":\"ADMINISTRACI\u00d3 DE FINQUES \u2013 COMUNITATS DE PROPIETARIS - Fincas Moles\",\"isPartOf\":{\"@id\":\"http:\/\/www.fincasmoles.com\/#website\"},\"datePublished\":\"2015-04-23T09:06:00+00:00\",\"dateModified\":\"2017-05-23T17:03:44+00:00\",\"breadcrumb\":{\"@id\":\"http:\/\/www.fincasmoles.com\/ca\/administracio-de-finques-comunitats-de-propietaris\/#breadcrumb\"},\"inLanguage\":\"ca\",\"potentialAction\":[{\"@type\":\"ReadAction\",\"target\":[\"http:\/\/www.fincasmoles.com\/ca\/administracio-de-finques-comunitats-de-propietaris\/\"]}]},{\"@type\":\"BreadcrumbList\",\"@id\":\"http:\/\/www.fincasmoles.com\/ca\/administracio-de-finques-comunitats-de-propietaris\/#breadcrumb\",\"itemListElement\":[{\"@type\":\"ListItem\",\"position\":1,\"name\":\"Portada\",\"item\":\"https:\/\/www.fincasmoles.com\/ca\/\"},{\"@type\":\"ListItem\",\"position\":2,\"name\":\"ADMINISTRACI\u00d3 DE FINQUES \u2013 COMUNITATS DE PROPIETARIS\"}]},{\"@type\":\"WebSite\",\"@id\":\"http:\/\/www.fincasmoles.com\/#website\",\"url\":\"http:\/\/www.fincasmoles.com\/\",\"name\":\"Fincas Moles\",\"description\":\"Moles\",\"potentialAction\":[{\"@type\":\"SearchAction\",\"target\":{\"@type\":\"EntryPoint\",\"urlTemplate\":\"http:\/\/www.fincasmoles.com\/?s={search_term_string}\"},\"query-input\":\"required name=search_term_string\"}],\"inLanguage\":\"ca\"}]}<\/script>\n<!-- \/ Yoast SEO plugin. -->","yoast_head_json":{"title":"ADMINISTRACI\u00d3 DE FINQUES \u2013 COMUNITATS DE PROPIETARIS - Fincas Moles","robots":{"index":"index","follow":"follow","max-snippet":"max-snippet:-1","max-image-preview":"max-image-preview:large","max-video-preview":"max-video-preview:-1"},"canonical":"http:\/\/www.fincasmoles.com\/ca\/administracio-de-finques-comunitats-de-propietaris\/","og_locale":"ca_ES","og_type":"article","og_title":"ADMINISTRACI\u00d3 DE FINQUES \u2013 COMUNITATS DE PROPIETARIS - Fincas Moles","og_description":"&nbsp; PERMANENTMENT al seu costat gestionant la comunitat. &nbsp; Gesti\u00f3 del dia a dia oferint la m\u00e9s propera, adequada i \u00e0gil administraci\u00f3, el seu consultor de confian\u00e7a que exigeix l\u2019excepcional i variada problem\u00e0tica de les comunitats de propietaris. \u00a0 Constituci\u00f3 de la Comunitat de Propietaris. Cobraments de rebuts de provisions de fons i derrames extraordin\u00e0ries...Llegir m\u00e9s&rarr;","og_url":"http:\/\/www.fincasmoles.com\/ca\/administracio-de-finques-comunitats-de-propietaris\/","og_site_name":"Fincas Moles","article_modified_time":"2017-05-23T17:03:44+00:00","og_image":[{"url":"http:\/\/www.fincasmoles.com\/wp-content\/uploads\/2015\/04\/infografia-comunidad-CAT.jpg"}],"twitter_misc":{"Temps estimat de lectura":"1 minut"},"schema":{"@context":"https:\/\/schema.org","@graph":[{"@type":"WebPage","@id":"http:\/\/www.fincasmoles.com\/ca\/administracio-de-finques-comunitats-de-propietaris\/","url":"http:\/\/www.fincasmoles.com\/ca\/administracio-de-finques-comunitats-de-propietaris\/","name":"ADMINISTRACI\u00d3 DE FINQUES \u2013 COMUNITATS DE PROPIETARIS - Fincas Moles","isPartOf":{"@id":"http:\/\/www.fincasmoles.com\/#website"},"datePublished":"2015-04-23T09:06:00+00:00","dateModified":"2017-05-23T17:03:44+00:00","breadcrumb":{"@id":"http:\/\/www.fincasmoles.com\/ca\/administracio-de-finques-comunitats-de-propietaris\/#breadcrumb"},"inLanguage":"ca","potentialAction":[{"@type":"ReadAction","target":["http:\/\/www.fincasmoles.com\/ca\/administracio-de-finques-comunitats-de-propietaris\/"]}]},{"@type":"BreadcrumbList","@id":"http:\/\/www.fincasmoles.com\/ca\/administracio-de-finques-comunitats-de-propietaris\/#breadcrumb","itemListElement":[{"@type":"ListItem","position":1,"name":"Portada","item":"https:\/\/www.fincasmoles.com\/ca\/"},{"@type":"ListItem","position":2,"name":"ADMINISTRACI\u00d3 DE FINQUES \u2013 COMUNITATS DE PROPIETARIS"}]},{"@type":"WebSite","@id":"http:\/\/www.fincasmoles.com\/#website","url":"http:\/\/www.fincasmoles.com\/","name":"Fincas Moles","description":"Moles","potentialAction":[{"@type":"SearchAction","target":{"@type":"EntryPoint","urlTemplate":"http:\/\/www.fincasmoles.com\/?s={search_term_string}"},"query-input":"required name=search_term_string"}],"inLanguage":"ca"}]}},"_links":{"self":[{"href":"http:\/\/www.fincasmoles.com\/ca\/wp-json\/wp\/v2\/pages\/776"}],"collection":[{"href":"http:\/\/www.fincasmoles.com\/ca\/wp-json\/wp\/v2\/pages"}],"about":[{"href":"http:\/\/www.fincasmoles.com\/ca\/wp-json\/wp\/v2\/types\/page"}],"author":[{"embeddable":true,"href":"http:\/\/www.fincasmoles.com\/ca\/wp-json\/wp\/v2\/users\/2"}],"replies":[{"embeddable":true,"href":"http:\/\/www.fincasmoles.com\/ca\/wp-json\/wp\/v2\/comments?post=776"}],"version-history":[{"count":0,"href":"http:\/\/www.fincasmoles.com\/ca\/wp-json\/wp\/v2\/pages\/776\/revisions"}],"wp:attachment":[{"href":"http:\/\/www.fincasmoles.com\/ca\/wp-json\/wp\/v2\/media?parent=776"}],"curies":[{"name":"wp","href":"https:\/\/api.w.org\/{rel}","templated":true}]}}