{"id":768,"date":"2015-04-23T08:55:49","date_gmt":"2015-04-23T08:55:49","guid":{"rendered":"http:\/\/www.pruebas.promocion3d.com\/?page_id=768"},"modified":"2017-05-23T18:01:12","modified_gmt":"2017-05-23T18:01:12","slug":"relooking","status":"publish","type":"page","link":"http:\/\/www.fincasmoles.com\/ca\/llistat-dinmobles\/relooking\/","title":{"rendered":"Relooking"},"content":{"rendered":"<div id=\"attachment_245\" style=\"width: 360px\" class=\"wp-caption alignright\"><img aria-describedby=\"caption-attachment-245\" decoding=\"async\" loading=\"lazy\" class=\"wp-image-245\" src=\"http:\/\/www.fincasmoles.com\/wp-content\/uploads\/2014\/12\/alquiler-relooking.jpg\" alt=\"\" width=\"350\" height=\"220\" srcset=\"http:\/\/www.fincasmoles.com\/wp-content\/uploads\/2014\/12\/alquiler-relooking.jpg 390w, http:\/\/www.fincasmoles.com\/wp-content\/uploads\/2014\/12\/alquiler-relooking-300x188.jpg 300w\" sizes=\"(max-width: 350px) 100vw, 350px\" \/><p id=\"caption-attachment-245\" class=\"wp-caption-text\"><strong>RELOOKING<\/strong> <br \/>\n Es tracta de preparar l&#8217;immoble realitzant les m\u00ednimes reformes necessaries de la manera m\u00e9s eficient.<\/p><\/div>\n<p>La demanda de lloguer ha augmentat en els darrers anys i <strong>la tend\u00e8ncia actual \u00e9s contractar habitatges per un temps m\u00e9s curt<\/strong> que antany. Actualment el procediment en el que hom sol\u00b7licita visita per con\u00e8ixer un immoble \u00e9s a trav\u00e9s d\u2019internet, per\u00f2 la compet\u00e8ncia \u00e9s forta, de la mateixa manera que veuen el nostre habitatge, en veuen molts altres.<\/p>\n<p>&nbsp;<\/p>\n<p style=\"text-align: justify;\">La primera impressi\u00f3 \u00e9s la que val i <strong>apostem per aconseguir una bona imatge de l\u2019immoble que comercialitzem.<\/strong> Per aconseguir-ho \u00e9s important que els propietaris se n\u2019adonin que s\u2019ha d\u2019invertir una mica en arreglar els habitatges, hi haur\u00e0 alguns cops que caldr\u00e0 una reforma integral, d\u2019altres amb reformar un bany i una cuina ser\u00e0 suficient, i moltes d\u2019altres, amb uns retocs (una aixeta espatllada, un mirall rovellat, moble de bany podrit, cortines antigues i brutes&#8230;) ser\u00e0 suficient per <strong>canviar totalment la imatge<\/strong>. Aix\u00f2 \u00e9s el que anomenem <span style=\"color: #c73a41;\"><strong>RELOOKING.<\/strong><\/span><\/p>\n","protected":false},"excerpt":{"rendered":"<p>La demanda de lloguer ha augmentat en els darrers anys i la tend\u00e8ncia actual \u00e9s contractar habitatges per un temps m\u00e9s curt que antany. Actualment el procediment en el que hom sol\u00b7licita visita per con\u00e8ixer un immoble \u00e9s a trav\u00e9s d\u2019internet, per\u00f2 la compet\u00e8ncia \u00e9s forta, de la mateixa manera que veuen el nostre habitatge,&#8230;<a href=\"http:\/\/www.fincasmoles.com\/ca\/llistat-dinmobles\/relooking\/\" class=\"epl-more-link\">Llegir m\u00e9s&rarr;<\/a><\/p>\n","protected":false},"author":2,"featured_media":0,"parent":722,"menu_order":5,"comment_status":"open","ping_status":"closed","template":"","meta":[],"yoast_head":"<!-- This site is optimized with the Yoast SEO plugin v19.9 - https:\/\/yoast.com\/wordpress\/plugins\/seo\/ -->\n<title>Relooking - Fincas Moles<\/title>\n<meta name=\"robots\" content=\"index, follow, max-snippet:-1, max-image-preview:large, max-video-preview:-1\" \/>\n<link rel=\"canonical\" href=\"http:\/\/www.fincasmoles.com\/ca\/llistat-dinmobles\/relooking\/\" \/>\n<meta property=\"og:locale\" content=\"ca_ES\" \/>\n<meta property=\"og:type\" content=\"article\" \/>\n<meta property=\"og:title\" content=\"Relooking - Fincas Moles\" \/>\n<meta property=\"og:description\" content=\"La demanda de lloguer ha augmentat en els darrers anys i la tend\u00e8ncia actual \u00e9s contractar habitatges per un temps m\u00e9s curt que antany. Actualment el procediment en el que hom sol\u00b7licita visita per con\u00e8ixer un immoble \u00e9s a trav\u00e9s d\u2019internet, per\u00f2 la compet\u00e8ncia \u00e9s forta, de la mateixa manera que veuen el nostre habitatge,...Llegir m\u00e9s&rarr;\" \/>\n<meta property=\"og:url\" content=\"http:\/\/www.fincasmoles.com\/ca\/llistat-dinmobles\/relooking\/\" \/>\n<meta property=\"og:site_name\" content=\"Fincas Moles\" \/>\n<meta property=\"article:modified_time\" content=\"2017-05-23T18:01:12+00:00\" \/>\n<meta property=\"og:image\" content=\"http:\/\/www.fincasmoles.com\/wp-content\/uploads\/2014\/12\/alquiler-relooking.jpg\" \/>\n<meta name=\"twitter:label1\" content=\"Temps estimat de lectura\" \/>\n\t<meta name=\"twitter:data1\" content=\"1 minut\" \/>\n<script type=\"application\/ld+json\" class=\"yoast-schema-graph\">{\"@context\":\"https:\/\/schema.org\",\"@graph\":[{\"@type\":\"WebPage\",\"@id\":\"http:\/\/www.fincasmoles.com\/ca\/llistat-dinmobles\/relooking\/\",\"url\":\"http:\/\/www.fincasmoles.com\/ca\/llistat-dinmobles\/relooking\/\",\"name\":\"Relooking - Fincas Moles\",\"isPartOf\":{\"@id\":\"https:\/\/www.fincasmoles.com\/#website\"},\"datePublished\":\"2015-04-23T08:55:49+00:00\",\"dateModified\":\"2017-05-23T18:01:12+00:00\",\"breadcrumb\":{\"@id\":\"http:\/\/www.fincasmoles.com\/ca\/llistat-dinmobles\/relooking\/#breadcrumb\"},\"inLanguage\":\"ca\",\"potentialAction\":[{\"@type\":\"ReadAction\",\"target\":[\"http:\/\/www.fincasmoles.com\/ca\/llistat-dinmobles\/relooking\/\"]}]},{\"@type\":\"BreadcrumbList\",\"@id\":\"http:\/\/www.fincasmoles.com\/ca\/llistat-dinmobles\/relooking\/#breadcrumb\",\"itemListElement\":[{\"@type\":\"ListItem\",\"position\":1,\"name\":\"Portada\",\"item\":\"https:\/\/www.fincasmoles.com\/ca\/\"},{\"@type\":\"ListItem\",\"position\":2,\"name\":\"Llistat d&#8217;immobles\",\"item\":\"http:\/\/www.fincasmoles.com\/ca\/llistat-dinmobles\/\"},{\"@type\":\"ListItem\",\"position\":3,\"name\":\"Relooking\"}]},{\"@type\":\"WebSite\",\"@id\":\"https:\/\/www.fincasmoles.com\/#website\",\"url\":\"https:\/\/www.fincasmoles.com\/\",\"name\":\"Fincas Moles\",\"description\":\"Moles\",\"potentialAction\":[{\"@type\":\"SearchAction\",\"target\":{\"@type\":\"EntryPoint\",\"urlTemplate\":\"https:\/\/www.fincasmoles.com\/?s={search_term_string}\"},\"query-input\":\"required name=search_term_string\"}],\"inLanguage\":\"ca\"}]}<\/script>\n<!-- \/ Yoast SEO plugin. -->","yoast_head_json":{"title":"Relooking - Fincas Moles","robots":{"index":"index","follow":"follow","max-snippet":"max-snippet:-1","max-image-preview":"max-image-preview:large","max-video-preview":"max-video-preview:-1"},"canonical":"http:\/\/www.fincasmoles.com\/ca\/llistat-dinmobles\/relooking\/","og_locale":"ca_ES","og_type":"article","og_title":"Relooking - Fincas Moles","og_description":"La demanda de lloguer ha augmentat en els darrers anys i la tend\u00e8ncia actual \u00e9s contractar habitatges per un temps m\u00e9s curt que antany. Actualment el procediment en el que hom sol\u00b7licita visita per con\u00e8ixer un immoble \u00e9s a trav\u00e9s d\u2019internet, per\u00f2 la compet\u00e8ncia \u00e9s forta, de la mateixa manera que veuen el nostre habitatge,...Llegir m\u00e9s&rarr;","og_url":"http:\/\/www.fincasmoles.com\/ca\/llistat-dinmobles\/relooking\/","og_site_name":"Fincas Moles","article_modified_time":"2017-05-23T18:01:12+00:00","og_image":[{"url":"http:\/\/www.fincasmoles.com\/wp-content\/uploads\/2014\/12\/alquiler-relooking.jpg"}],"twitter_misc":{"Temps estimat de lectura":"1 minut"},"schema":{"@context":"https:\/\/schema.org","@graph":[{"@type":"WebPage","@id":"http:\/\/www.fincasmoles.com\/ca\/llistat-dinmobles\/relooking\/","url":"http:\/\/www.fincasmoles.com\/ca\/llistat-dinmobles\/relooking\/","name":"Relooking - Fincas Moles","isPartOf":{"@id":"https:\/\/www.fincasmoles.com\/#website"},"datePublished":"2015-04-23T08:55:49+00:00","dateModified":"2017-05-23T18:01:12+00:00","breadcrumb":{"@id":"http:\/\/www.fincasmoles.com\/ca\/llistat-dinmobles\/relooking\/#breadcrumb"},"inLanguage":"ca","potentialAction":[{"@type":"ReadAction","target":["http:\/\/www.fincasmoles.com\/ca\/llistat-dinmobles\/relooking\/"]}]},{"@type":"BreadcrumbList","@id":"http:\/\/www.fincasmoles.com\/ca\/llistat-dinmobles\/relooking\/#breadcrumb","itemListElement":[{"@type":"ListItem","position":1,"name":"Portada","item":"https:\/\/www.fincasmoles.com\/ca\/"},{"@type":"ListItem","position":2,"name":"Llistat d&#8217;immobles","item":"http:\/\/www.fincasmoles.com\/ca\/llistat-dinmobles\/"},{"@type":"ListItem","position":3,"name":"Relooking"}]},{"@type":"WebSite","@id":"https:\/\/www.fincasmoles.com\/#website","url":"https:\/\/www.fincasmoles.com\/","name":"Fincas Moles","description":"Moles","potentialAction":[{"@type":"SearchAction","target":{"@type":"EntryPoint","urlTemplate":"https:\/\/www.fincasmoles.com\/?s={search_term_string}"},"query-input":"required name=search_term_string"}],"inLanguage":"ca"}]}},"_links":{"self":[{"href":"http:\/\/www.fincasmoles.com\/ca\/wp-json\/wp\/v2\/pages\/768"}],"collection":[{"href":"http:\/\/www.fincasmoles.com\/ca\/wp-json\/wp\/v2\/pages"}],"about":[{"href":"http:\/\/www.fincasmoles.com\/ca\/wp-json\/wp\/v2\/types\/page"}],"author":[{"embeddable":true,"href":"http:\/\/www.fincasmoles.com\/ca\/wp-json\/wp\/v2\/users\/2"}],"replies":[{"embeddable":true,"href":"http:\/\/www.fincasmoles.com\/ca\/wp-json\/wp\/v2\/comments?post=768"}],"version-history":[{"count":0,"href":"http:\/\/www.fincasmoles.com\/ca\/wp-json\/wp\/v2\/pages\/768\/revisions"}],"up":[{"embeddable":true,"href":"http:\/\/www.fincasmoles.com\/ca\/wp-json\/wp\/v2\/pages\/722"}],"wp:attachment":[{"href":"http:\/\/www.fincasmoles.com\/ca\/wp-json\/wp\/v2\/media?parent=768"}],"curies":[{"name":"wp","href":"https:\/\/api.w.org\/{rel}","templated":true}]}}