{"id":756,"date":"2015-04-22T14:44:53","date_gmt":"2015-04-22T14:44:53","guid":{"rendered":"http:\/\/www.pruebas.promocion3d.com\/?page_id=756"},"modified":"2017-05-23T17:49:30","modified_gmt":"2017-05-23T17:49:30","slug":"vendre-el-seu-pis-o-local","status":"publish","type":"page","link":"http:\/\/www.fincasmoles.com\/ca\/llistat-dinmobles\/vendre-el-seu-pis-o-local\/","title":{"rendered":"VENDRE EL SEU PIS O LOCAL"},"content":{"rendered":"<p>Preparem tota la documentaci\u00f3 que li ser\u00e0 necess\u00e0ria per la venda, aix\u00ed com la documentaci\u00f3 que \u00e9s sol\u00b7licitar\u00e0 al comprador, tot sota una \u00f2ptica de serietat, transpar\u00e8ncia i professionalitat<\/p>\n<p>Treballem per vost\u00e8 <strong>en exclusiva<\/strong> per oferir-li els seg\u00fcents serveis:<\/p>\n<div style=\"width: 50%; float: right;\">\n<blockquote>\n<p>La nostra cartera de clients ens genera demandes i ofertes cont\u00ednuament.<\/p>\n<\/blockquote>\n<\/div>\n<ul>\n<li>Valorem el\u00a0 seu pis\/local a un <a title=\"ALQUILE CON NOSOTROS Y NOTAR\u00c1 LA DIFERENCIA\" href=\"http:\/\/www.fincasmoles.com\/ca\/llistat-dinmobles\/como-alquilamos-eficientemente\/?lang=ca\">preu objectiu<\/a>.<\/li>\n<li>Tramitem la <strong>C\u00e8dula d\u2019Habitabilitat i el Certificat d\u2019efici\u00e8ncia Energ\u00e8tica<\/strong><\/li>\n<li>Publicitem la venda en portals especialitzats.<\/li>\n<li>Gestionem les visites i portem un seguiment de les mateixes.<\/li>\n<li><a title=\"Home Staging\" href=\"http:\/\/www.fincasmoles.com\/ca\/llistat-dinmobles\/home-staging\/?lang=ca\">Home staging<\/a> dels habitatges amb fot\u00f2graf professional.<\/li>\n<li>Contracte d\u2019arres.<\/li>\n<li>L\u2019acompanyem fins al dia de la firma de l\u2019Escriptura P\u00fablica.<\/li>\n<li>Li tramitem la plusv\u00e0lua municipal.<\/li>\n<li>Constituci\u00f3, subrogaci\u00f3 i cancel\u2022laci\u00f3 d\u2019hipoteques.<img decoding=\"async\" loading=\"lazy\" class=\"alignright size-full wp-image-128\" src=\"http:\/\/www.fincasmoles.com\/wp-content\/uploads\/2014\/09\/Logo-ventas.jpg\" alt=\"Logo-ventas\" width=\"200\" height=\"78\" \/><\/li>\n<\/ul>\n","protected":false},"excerpt":{"rendered":"<p>Preparem tota la documentaci\u00f3 que li ser\u00e0 necess\u00e0ria per la venda, aix\u00ed com la documentaci\u00f3 que \u00e9s sol\u00b7licitar\u00e0 al comprador, tot sota una \u00f2ptica de serietat, transpar\u00e8ncia i professionalitat Treballem per vost\u00e8 en exclusiva per oferir-li els seg\u00fcents serveis: La nostra cartera de clients ens genera demandes i ofertes cont\u00ednuament. Valorem el\u00a0 seu pis\/local a&#8230;<a href=\"http:\/\/www.fincasmoles.com\/ca\/llistat-dinmobles\/vendre-el-seu-pis-o-local\/\" class=\"epl-more-link\">Llegir m\u00e9s&rarr;<\/a><\/p>\n","protected":false},"author":2,"featured_media":0,"parent":722,"menu_order":3,"comment_status":"open","ping_status":"closed","template":"","meta":[],"yoast_head":"<!-- This site is optimized with the Yoast SEO plugin v19.9 - https:\/\/yoast.com\/wordpress\/plugins\/seo\/ -->\n<title>VENDRE EL SEU PIS O LOCAL - Fincas Moles<\/title>\n<meta name=\"robots\" content=\"index, follow, max-snippet:-1, max-image-preview:large, max-video-preview:-1\" \/>\n<link rel=\"canonical\" href=\"http:\/\/www.fincasmoles.com\/ca\/llistat-dinmobles\/vendre-el-seu-pis-o-local\/\" \/>\n<meta property=\"og:locale\" content=\"ca_ES\" \/>\n<meta property=\"og:type\" content=\"article\" \/>\n<meta property=\"og:title\" content=\"VENDRE EL SEU PIS O LOCAL - Fincas Moles\" \/>\n<meta property=\"og:description\" content=\"Preparem tota la documentaci\u00f3 que li ser\u00e0 necess\u00e0ria per la venda, aix\u00ed com la documentaci\u00f3 que \u00e9s sol\u00b7licitar\u00e0 al comprador, tot sota una \u00f2ptica de serietat, transpar\u00e8ncia i professionalitat Treballem per vost\u00e8 en exclusiva per oferir-li els seg\u00fcents serveis: La nostra cartera de clients ens genera demandes i ofertes cont\u00ednuament. Valorem el\u00a0 seu pis\/local a...Llegir m\u00e9s&rarr;\" \/>\n<meta property=\"og:url\" content=\"http:\/\/www.fincasmoles.com\/ca\/llistat-dinmobles\/vendre-el-seu-pis-o-local\/\" \/>\n<meta property=\"og:site_name\" content=\"Fincas Moles\" \/>\n<meta property=\"article:modified_time\" content=\"2017-05-23T17:49:30+00:00\" \/>\n<meta property=\"og:image\" content=\"http:\/\/www.fincasmoles.com\/wp-content\/uploads\/2014\/09\/Logo-ventas.jpg\" \/>\n<meta name=\"twitter:label1\" content=\"Temps estimat de lectura\" \/>\n\t<meta name=\"twitter:data1\" content=\"1 minut\" \/>\n<script type=\"application\/ld+json\" class=\"yoast-schema-graph\">{\"@context\":\"https:\/\/schema.org\",\"@graph\":[{\"@type\":\"WebPage\",\"@id\":\"http:\/\/www.fincasmoles.com\/ca\/llistat-dinmobles\/vendre-el-seu-pis-o-local\/\",\"url\":\"http:\/\/www.fincasmoles.com\/ca\/llistat-dinmobles\/vendre-el-seu-pis-o-local\/\",\"name\":\"VENDRE EL SEU PIS O LOCAL - Fincas Moles\",\"isPartOf\":{\"@id\":\"https:\/\/www.fincasmoles.com\/en\/#website\"},\"datePublished\":\"2015-04-22T14:44:53+00:00\",\"dateModified\":\"2017-05-23T17:49:30+00:00\",\"breadcrumb\":{\"@id\":\"http:\/\/www.fincasmoles.com\/ca\/llistat-dinmobles\/vendre-el-seu-pis-o-local\/#breadcrumb\"},\"inLanguage\":\"ca\",\"potentialAction\":[{\"@type\":\"ReadAction\",\"target\":[\"http:\/\/www.fincasmoles.com\/ca\/llistat-dinmobles\/vendre-el-seu-pis-o-local\/\"]}]},{\"@type\":\"BreadcrumbList\",\"@id\":\"http:\/\/www.fincasmoles.com\/ca\/llistat-dinmobles\/vendre-el-seu-pis-o-local\/#breadcrumb\",\"itemListElement\":[{\"@type\":\"ListItem\",\"position\":1,\"name\":\"Portada\",\"item\":\"http:\/\/www.fincasmoles.com\/ca\/\"},{\"@type\":\"ListItem\",\"position\":2,\"name\":\"Llistat d&#8217;immobles\",\"item\":\"http:\/\/www.fincasmoles.com\/ca\/llistat-dinmobles\/\"},{\"@type\":\"ListItem\",\"position\":3,\"name\":\"VENDRE EL SEU PIS O LOCAL\"}]},{\"@type\":\"WebSite\",\"@id\":\"https:\/\/www.fincasmoles.com\/en\/#website\",\"url\":\"https:\/\/www.fincasmoles.com\/en\/\",\"name\":\"Fincas Moles\",\"description\":\"Moles\",\"potentialAction\":[{\"@type\":\"SearchAction\",\"target\":{\"@type\":\"EntryPoint\",\"urlTemplate\":\"https:\/\/www.fincasmoles.com\/en\/?s={search_term_string}\"},\"query-input\":\"required name=search_term_string\"}],\"inLanguage\":\"ca\"}]}<\/script>\n<!-- \/ Yoast SEO plugin. -->","yoast_head_json":{"title":"VENDRE EL SEU PIS O LOCAL - Fincas Moles","robots":{"index":"index","follow":"follow","max-snippet":"max-snippet:-1","max-image-preview":"max-image-preview:large","max-video-preview":"max-video-preview:-1"},"canonical":"http:\/\/www.fincasmoles.com\/ca\/llistat-dinmobles\/vendre-el-seu-pis-o-local\/","og_locale":"ca_ES","og_type":"article","og_title":"VENDRE EL SEU PIS O LOCAL - Fincas Moles","og_description":"Preparem tota la documentaci\u00f3 que li ser\u00e0 necess\u00e0ria per la venda, aix\u00ed com la documentaci\u00f3 que \u00e9s sol\u00b7licitar\u00e0 al comprador, tot sota una \u00f2ptica de serietat, transpar\u00e8ncia i professionalitat Treballem per vost\u00e8 en exclusiva per oferir-li els seg\u00fcents serveis: La nostra cartera de clients ens genera demandes i ofertes cont\u00ednuament. Valorem el\u00a0 seu pis\/local a...Llegir m\u00e9s&rarr;","og_url":"http:\/\/www.fincasmoles.com\/ca\/llistat-dinmobles\/vendre-el-seu-pis-o-local\/","og_site_name":"Fincas Moles","article_modified_time":"2017-05-23T17:49:30+00:00","og_image":[{"url":"http:\/\/www.fincasmoles.com\/wp-content\/uploads\/2014\/09\/Logo-ventas.jpg"}],"twitter_misc":{"Temps estimat de lectura":"1 minut"},"schema":{"@context":"https:\/\/schema.org","@graph":[{"@type":"WebPage","@id":"http:\/\/www.fincasmoles.com\/ca\/llistat-dinmobles\/vendre-el-seu-pis-o-local\/","url":"http:\/\/www.fincasmoles.com\/ca\/llistat-dinmobles\/vendre-el-seu-pis-o-local\/","name":"VENDRE EL SEU PIS O LOCAL - Fincas Moles","isPartOf":{"@id":"https:\/\/www.fincasmoles.com\/en\/#website"},"datePublished":"2015-04-22T14:44:53+00:00","dateModified":"2017-05-23T17:49:30+00:00","breadcrumb":{"@id":"http:\/\/www.fincasmoles.com\/ca\/llistat-dinmobles\/vendre-el-seu-pis-o-local\/#breadcrumb"},"inLanguage":"ca","potentialAction":[{"@type":"ReadAction","target":["http:\/\/www.fincasmoles.com\/ca\/llistat-dinmobles\/vendre-el-seu-pis-o-local\/"]}]},{"@type":"BreadcrumbList","@id":"http:\/\/www.fincasmoles.com\/ca\/llistat-dinmobles\/vendre-el-seu-pis-o-local\/#breadcrumb","itemListElement":[{"@type":"ListItem","position":1,"name":"Portada","item":"http:\/\/www.fincasmoles.com\/ca\/"},{"@type":"ListItem","position":2,"name":"Llistat d&#8217;immobles","item":"http:\/\/www.fincasmoles.com\/ca\/llistat-dinmobles\/"},{"@type":"ListItem","position":3,"name":"VENDRE EL SEU PIS O LOCAL"}]},{"@type":"WebSite","@id":"https:\/\/www.fincasmoles.com\/en\/#website","url":"https:\/\/www.fincasmoles.com\/en\/","name":"Fincas Moles","description":"Moles","potentialAction":[{"@type":"SearchAction","target":{"@type":"EntryPoint","urlTemplate":"https:\/\/www.fincasmoles.com\/en\/?s={search_term_string}"},"query-input":"required name=search_term_string"}],"inLanguage":"ca"}]}},"_links":{"self":[{"href":"http:\/\/www.fincasmoles.com\/ca\/wp-json\/wp\/v2\/pages\/756"}],"collection":[{"href":"http:\/\/www.fincasmoles.com\/ca\/wp-json\/wp\/v2\/pages"}],"about":[{"href":"http:\/\/www.fincasmoles.com\/ca\/wp-json\/wp\/v2\/types\/page"}],"author":[{"embeddable":true,"href":"http:\/\/www.fincasmoles.com\/ca\/wp-json\/wp\/v2\/users\/2"}],"replies":[{"embeddable":true,"href":"http:\/\/www.fincasmoles.com\/ca\/wp-json\/wp\/v2\/comments?post=756"}],"version-history":[{"count":0,"href":"http:\/\/www.fincasmoles.com\/ca\/wp-json\/wp\/v2\/pages\/756\/revisions"}],"up":[{"embeddable":true,"href":"http:\/\/www.fincasmoles.com\/ca\/wp-json\/wp\/v2\/pages\/722"}],"wp:attachment":[{"href":"http:\/\/www.fincasmoles.com\/ca\/wp-json\/wp\/v2\/media?parent=756"}],"curies":[{"name":"wp","href":"https:\/\/api.w.org\/{rel}","templated":true}]}}