{"id":751,"date":"2015-04-22T14:36:02","date_gmt":"2015-04-22T14:36:02","guid":{"rendered":"http:\/\/www.pruebas.promocion3d.com\/?page_id=751"},"modified":"2017-05-23T17:46:21","modified_gmt":"2017-05-23T17:46:21","slug":"administracio-dels-lloguers","status":"publish","type":"page","link":"http:\/\/www.fincasmoles.com\/ca\/llistat-dinmobles\/administracio-dels-lloguers\/","title":{"rendered":"Administraci\u00f3 dels lloguers"},"content":{"rendered":"<div style=\"width: 50%; float: right; margin-top: 40px;\">\n<blockquote>\n<p><strong>PACK-COMPLET <\/strong>a un preu sorprenent:<\/p>\n<ul>\n<li>Asseguran\u00e7a d\u2019impagament del lloguer<\/li>\n<li><a title=\"Home Staging\" href=\"http:\/\/www.fincasmoles.com\/ca\/llistat-dinmobles\/home-staging\/?lang=ca\">Home Staging<\/a><\/li>\n<li>Neteja final de l\u2019habitatge<\/li>\n<li>C\u00e8dula d\u2019Habitabilitat<\/li>\n<li>Certificat d\u2019 Efici\u00e8ncia Energ\u00e8tica<\/li>\n<li>Pl\u00e0nol del pis<\/li>\n<\/ul>\n<\/blockquote>\n<\/div>\n<ul>\n<li><strong>Atenci\u00f3 personalitzada.<\/strong><\/li>\n<li><strong>Liquidacions puntuals.<\/strong>Vost\u00e8 cobrar\u00e0 dintre del mateix mes i podr\u00e0 rebre la liquidaci\u00f3 en format paper o digital i en la periodicitat que vost\u00e8 desitgi<\/li>\n<li><strong>Domiciliaci\u00f3 de pagaments<\/strong> relatius a la vivenda. Ens ocupem dels pagaments de la comunitat de propietaris, IBI, subministraments, etc perqu\u00e8 vost\u00e8 no hagi d\u2019ocupar-se<\/li>\n<li><a href=\"http:\/\/www.fincasmoles.com\/zonacliente\/index.php?idioma=cat\" target=\"_blank\" rel=\"noopener noreferrer\"><strong>Acc\u00e9s a la Oficina online 24h<\/strong><\/a> on podr\u00e0 consultar la documentaci\u00f3 del seu immoble (contracte de lloguer, c\u00e8dula d\u2019habitabilitat, p\u00f2lissa d\u2019assegurances, certificat d\u2019efici\u00e8ncia energ\u00e8tica, etc) aix\u00ed com les liquidacions mensuals, trimestrals o en la periodicitat que ens hagi indicat.<\/li>\n<li><strong>TARIFA PLANA:<\/strong> Li ingressem un import mensual perqu\u00e8 vost\u00e8 s\u00e0piga que sempre comptar\u00e0 amb aquells diners a final de mes i li farem una liquidaci\u00f3 anual final.<\/li>\n<li><strong>Ens ocupem de totes les comunicacions amb els llogaters<\/strong>: Actualitzaci\u00f3 de les rendes, repercussi\u00f3 d\u2019obres, reclamaci\u00f3 dels lloguers, renovaci\u00f3 de contractes de lloguer.<\/li>\n<li>Li facilitem <a title=\"DEPARTAMENTO FISCAL, CONTABLE Y LABORAL\" href=\"http:\/\/www.fincasmoles.com\/ca\/departamento-juridico\/?lang=ca\">ADVOCAT<\/a> per al tr\u00e0mit d\u2019un possible desnonament. Al disposar d\u2019advocat en el despatx la comunicaci\u00f3 i documentaci\u00f3 \u00e9s m\u00e9s \u00e0gil i r\u00e0pida.<\/li>\n<li><strong>CHECK-OUT.<\/strong> Ens ocupem de la revisi\u00f3 de l\u2019immoble a l\u2019entregar les claus revisant els desperfectes o deterioraments i fent la valoraci\u00f3 dels mateixos per liquidar la fian\u00e7a amb els llogaters. Tamb\u00e9 ens ocupem dels subministraments i les factures pendents dels immobles.<\/li>\n<\/ul>\n","protected":false},"excerpt":{"rendered":"<p>PACK-COMPLET a un preu sorprenent: Asseguran\u00e7a d\u2019impagament del lloguer Home Staging Neteja final de l\u2019habitatge C\u00e8dula d\u2019Habitabilitat Certificat d\u2019 Efici\u00e8ncia Energ\u00e8tica Pl\u00e0nol del pis Atenci\u00f3 personalitzada. Liquidacions puntuals.Vost\u00e8 cobrar\u00e0 dintre del mateix mes i podr\u00e0 rebre la liquidaci\u00f3 en format paper o digital i en la periodicitat que vost\u00e8 desitgi Domiciliaci\u00f3 de pagaments relatius a&#8230;<a href=\"http:\/\/www.fincasmoles.com\/ca\/llistat-dinmobles\/administracio-dels-lloguers\/\" class=\"epl-more-link\">Llegir m\u00e9s&rarr;<\/a><\/p>\n","protected":false},"author":2,"featured_media":0,"parent":722,"menu_order":1,"comment_status":"open","ping_status":"closed","template":"","meta":[],"yoast_head":"<!-- This site is optimized with the Yoast SEO plugin v19.9 - https:\/\/yoast.com\/wordpress\/plugins\/seo\/ -->\n<title>Administraci\u00f3 dels lloguers - Fincas Moles<\/title>\n<meta name=\"robots\" content=\"index, follow, max-snippet:-1, max-image-preview:large, max-video-preview:-1\" \/>\n<link rel=\"canonical\" href=\"http:\/\/www.fincasmoles.com\/ca\/llistat-dinmobles\/administracio-dels-lloguers\/\" \/>\n<meta property=\"og:locale\" content=\"ca_ES\" \/>\n<meta property=\"og:type\" content=\"article\" \/>\n<meta property=\"og:title\" content=\"Administraci\u00f3 dels lloguers - Fincas Moles\" \/>\n<meta property=\"og:description\" content=\"PACK-COMPLET a un preu sorprenent: Asseguran\u00e7a d\u2019impagament del lloguer Home Staging Neteja final de l\u2019habitatge C\u00e8dula d\u2019Habitabilitat Certificat d\u2019 Efici\u00e8ncia Energ\u00e8tica Pl\u00e0nol del pis Atenci\u00f3 personalitzada. Liquidacions puntuals.Vost\u00e8 cobrar\u00e0 dintre del mateix mes i podr\u00e0 rebre la liquidaci\u00f3 en format paper o digital i en la periodicitat que vost\u00e8 desitgi Domiciliaci\u00f3 de pagaments relatius a...Llegir m\u00e9s&rarr;\" \/>\n<meta property=\"og:url\" content=\"http:\/\/www.fincasmoles.com\/ca\/llistat-dinmobles\/administracio-dels-lloguers\/\" \/>\n<meta property=\"og:site_name\" content=\"Fincas Moles\" \/>\n<meta property=\"article:modified_time\" content=\"2017-05-23T17:46:21+00:00\" \/>\n<meta name=\"twitter:label1\" content=\"Temps estimat de lectura\" \/>\n\t<meta name=\"twitter:data1\" content=\"1 minut\" \/>\n<script type=\"application\/ld+json\" class=\"yoast-schema-graph\">{\"@context\":\"https:\/\/schema.org\",\"@graph\":[{\"@type\":\"WebPage\",\"@id\":\"http:\/\/www.fincasmoles.com\/ca\/llistat-dinmobles\/administracio-dels-lloguers\/\",\"url\":\"http:\/\/www.fincasmoles.com\/ca\/llistat-dinmobles\/administracio-dels-lloguers\/\",\"name\":\"Administraci\u00f3 dels lloguers - Fincas Moles\",\"isPartOf\":{\"@id\":\"https:\/\/www.fincasmoles.com\/en\/#website\"},\"datePublished\":\"2015-04-22T14:36:02+00:00\",\"dateModified\":\"2017-05-23T17:46:21+00:00\",\"breadcrumb\":{\"@id\":\"http:\/\/www.fincasmoles.com\/ca\/llistat-dinmobles\/administracio-dels-lloguers\/#breadcrumb\"},\"inLanguage\":\"ca\",\"potentialAction\":[{\"@type\":\"ReadAction\",\"target\":[\"http:\/\/www.fincasmoles.com\/ca\/llistat-dinmobles\/administracio-dels-lloguers\/\"]}]},{\"@type\":\"BreadcrumbList\",\"@id\":\"http:\/\/www.fincasmoles.com\/ca\/llistat-dinmobles\/administracio-dels-lloguers\/#breadcrumb\",\"itemListElement\":[{\"@type\":\"ListItem\",\"position\":1,\"name\":\"Portada\",\"item\":\"http:\/\/www.fincasmoles.com\/ca\/\"},{\"@type\":\"ListItem\",\"position\":2,\"name\":\"Llistat d&#8217;immobles\",\"item\":\"http:\/\/www.fincasmoles.com\/ca\/llistat-dinmobles\/\"},{\"@type\":\"ListItem\",\"position\":3,\"name\":\"Administraci\u00f3 dels lloguers\"}]},{\"@type\":\"WebSite\",\"@id\":\"https:\/\/www.fincasmoles.com\/en\/#website\",\"url\":\"https:\/\/www.fincasmoles.com\/en\/\",\"name\":\"Fincas Moles\",\"description\":\"Moles\",\"potentialAction\":[{\"@type\":\"SearchAction\",\"target\":{\"@type\":\"EntryPoint\",\"urlTemplate\":\"https:\/\/www.fincasmoles.com\/en\/?s={search_term_string}\"},\"query-input\":\"required name=search_term_string\"}],\"inLanguage\":\"ca\"}]}<\/script>\n<!-- \/ Yoast SEO plugin. -->","yoast_head_json":{"title":"Administraci\u00f3 dels lloguers - Fincas Moles","robots":{"index":"index","follow":"follow","max-snippet":"max-snippet:-1","max-image-preview":"max-image-preview:large","max-video-preview":"max-video-preview:-1"},"canonical":"http:\/\/www.fincasmoles.com\/ca\/llistat-dinmobles\/administracio-dels-lloguers\/","og_locale":"ca_ES","og_type":"article","og_title":"Administraci\u00f3 dels lloguers - Fincas Moles","og_description":"PACK-COMPLET a un preu sorprenent: Asseguran\u00e7a d\u2019impagament del lloguer Home Staging Neteja final de l\u2019habitatge C\u00e8dula d\u2019Habitabilitat Certificat d\u2019 Efici\u00e8ncia Energ\u00e8tica Pl\u00e0nol del pis Atenci\u00f3 personalitzada. Liquidacions puntuals.Vost\u00e8 cobrar\u00e0 dintre del mateix mes i podr\u00e0 rebre la liquidaci\u00f3 en format paper o digital i en la periodicitat que vost\u00e8 desitgi Domiciliaci\u00f3 de pagaments relatius a...Llegir m\u00e9s&rarr;","og_url":"http:\/\/www.fincasmoles.com\/ca\/llistat-dinmobles\/administracio-dels-lloguers\/","og_site_name":"Fincas Moles","article_modified_time":"2017-05-23T17:46:21+00:00","twitter_misc":{"Temps estimat de lectura":"1 minut"},"schema":{"@context":"https:\/\/schema.org","@graph":[{"@type":"WebPage","@id":"http:\/\/www.fincasmoles.com\/ca\/llistat-dinmobles\/administracio-dels-lloguers\/","url":"http:\/\/www.fincasmoles.com\/ca\/llistat-dinmobles\/administracio-dels-lloguers\/","name":"Administraci\u00f3 dels lloguers - Fincas Moles","isPartOf":{"@id":"https:\/\/www.fincasmoles.com\/en\/#website"},"datePublished":"2015-04-22T14:36:02+00:00","dateModified":"2017-05-23T17:46:21+00:00","breadcrumb":{"@id":"http:\/\/www.fincasmoles.com\/ca\/llistat-dinmobles\/administracio-dels-lloguers\/#breadcrumb"},"inLanguage":"ca","potentialAction":[{"@type":"ReadAction","target":["http:\/\/www.fincasmoles.com\/ca\/llistat-dinmobles\/administracio-dels-lloguers\/"]}]},{"@type":"BreadcrumbList","@id":"http:\/\/www.fincasmoles.com\/ca\/llistat-dinmobles\/administracio-dels-lloguers\/#breadcrumb","itemListElement":[{"@type":"ListItem","position":1,"name":"Portada","item":"http:\/\/www.fincasmoles.com\/ca\/"},{"@type":"ListItem","position":2,"name":"Llistat d&#8217;immobles","item":"http:\/\/www.fincasmoles.com\/ca\/llistat-dinmobles\/"},{"@type":"ListItem","position":3,"name":"Administraci\u00f3 dels lloguers"}]},{"@type":"WebSite","@id":"https:\/\/www.fincasmoles.com\/en\/#website","url":"https:\/\/www.fincasmoles.com\/en\/","name":"Fincas Moles","description":"Moles","potentialAction":[{"@type":"SearchAction","target":{"@type":"EntryPoint","urlTemplate":"https:\/\/www.fincasmoles.com\/en\/?s={search_term_string}"},"query-input":"required name=search_term_string"}],"inLanguage":"ca"}]}},"_links":{"self":[{"href":"http:\/\/www.fincasmoles.com\/ca\/wp-json\/wp\/v2\/pages\/751"}],"collection":[{"href":"http:\/\/www.fincasmoles.com\/ca\/wp-json\/wp\/v2\/pages"}],"about":[{"href":"http:\/\/www.fincasmoles.com\/ca\/wp-json\/wp\/v2\/types\/page"}],"author":[{"embeddable":true,"href":"http:\/\/www.fincasmoles.com\/ca\/wp-json\/wp\/v2\/users\/2"}],"replies":[{"embeddable":true,"href":"http:\/\/www.fincasmoles.com\/ca\/wp-json\/wp\/v2\/comments?post=751"}],"version-history":[{"count":0,"href":"http:\/\/www.fincasmoles.com\/ca\/wp-json\/wp\/v2\/pages\/751\/revisions"}],"up":[{"embeddable":true,"href":"http:\/\/www.fincasmoles.com\/ca\/wp-json\/wp\/v2\/pages\/722"}],"wp:attachment":[{"href":"http:\/\/www.fincasmoles.com\/ca\/wp-json\/wp\/v2\/media?parent=751"}],"curies":[{"name":"wp","href":"https:\/\/api.w.org\/{rel}","templated":true}]}}