{"id":745,"date":"2015-04-22T14:18:07","date_gmt":"2015-04-22T14:18:07","guid":{"rendered":"http:\/\/www.pruebas.promocion3d.com\/?page_id=745"},"modified":"2017-05-23T17:43:12","modified_gmt":"2017-05-23T17:43:12","slug":"como-alquilamos-eficientemente","status":"publish","type":"page","link":"http:\/\/www.fincasmoles.com\/ca\/llistat-dinmobles\/como-alquilamos-eficientemente\/","title":{"rendered":"\u00bfC\u00d3M LLOGUEM EFICIENTEMENT?"},"content":{"rendered":"<p>&nbsp;<\/p>\n<ul>\n<li style=\"padding-left: 90px;\"><span style=\"font-size: 13pt;\"><a title=\"Relooking\" href=\"http:\/\/www.fincasmoles.com\/ca\/llistat-dinmobles\/relooking\/?lang=ca\">Reformem, decorem<\/a> i <strong><span style=\"color: #c73a41;\">preparem<\/span><\/strong> el seu immoble per la venda o lloguer.<\/span><\/li>\n<li style=\"padding-left: 90px;\"><span style=\"font-size: 13pt;\">Li aconsellem un<span style=\"color: #c73a41;\"><strong> preu objectiu<\/strong><\/span> i competitiu.<\/span><\/li>\n<li style=\"padding-left: 90px;\"><span style=\"font-size: 13pt;\">El <span style=\"color: #c73a41;\"><strong>publicitem<\/strong><\/span> a internet en diversos portals immobiliaris.<\/span><\/li>\n<li style=\"padding-left: 90px;\"><span style=\"font-size: 13pt;\">Escollim el <span style=\"color: #c73a41;\"><strong>millor llogater<\/strong><\/span> possible.<\/span><\/li>\n<li style=\"padding-left: 90px;\"><span style=\"font-size: 13pt;\">Li proporcionem fot\u00f2graf professional per obtenir les millors imatges.<\/span><\/li>\n<\/ul>\n<div style=\"margin: 0 auto; width: 80%;\">\n<div style=\"float: left;\">\n<div id=\"attachment_245\" style=\"width: 360px\" class=\"wp-caption alignright\"><a href=\"http:\/\/www.fincasmoles.com\/ca\/llistat-dinmobles\/relooking\/?lang=ca\"><img aria-describedby=\"caption-attachment-245\" decoding=\"async\" loading=\"lazy\" class=\"wp-image-245\" src=\"http:\/\/www.fincasmoles.com\/wp-content\/uploads\/2014\/12\/alquiler-relooking.jpg\" alt=\"\" width=\"350\" height=\"220\" srcset=\"http:\/\/www.fincasmoles.com\/wp-content\/uploads\/2014\/12\/alquiler-relooking.jpg 390w, http:\/\/www.fincasmoles.com\/wp-content\/uploads\/2014\/12\/alquiler-relooking-300x188.jpg 300w\" sizes=\"(max-width: 350px) 100vw, 350px\" \/><\/a><p id=\"caption-attachment-245\" class=\"wp-caption-text\"><strong>RELOOKING<\/strong> <br \/>\n Es tracta de preparar l&#8217;immoble realitzant les m\u00ednimes reformes necessaries de la manera m\u00e9s eficient.<\/p><\/div>\n<\/div>\n<div style=\"float: right;\">\n<div id=\"attachment_245\" style=\"width: 360px\" class=\"wp-caption alignright\"><a href=\"http:\/\/www.fincasmoles.com\/ca\/llistat-dinmobles\/home-staging\/?lang=ca\"><img aria-describedby=\"caption-attachment-245\" decoding=\"async\" loading=\"lazy\" class=\"wp-image-245\" src=\"http:\/\/www.fincasmoles.com\/wp-content\/uploads\/2014\/12\/alquiler-homestaging.jpg\" alt=\"\" width=\"350\" height=\"220\" \/><\/a><p id=\"caption-attachment-245\" class=\"wp-caption-text\"><strong>HOME STAGING<\/strong> <br \/>\n Consisteix en distribuir, decorar i iluminar els diferents espais per a la seva presentaci\u00f3 mitjan\u00e7ant fotograf\u00eda digital profesional.<\/p><\/div>\n<\/div>\n<\/div>\n<div style=\"clear: both;\">\n<p>&nbsp;<\/p>\n<p><span style=\"color: #c73a41; text-decoration: underline;\">PREU OBJECTIU<\/span><\/p>\n<p>El preu objectiu \u00e9s el preu pel que <strong>podrem realment llogar un immoble<\/strong>. Els sentiments molts cops juguen en contra d\u2019aquest concepte ja que si s\u2019ha viscut en un pis la majoria de vegades s\u2019incrementa err\u00f2niament el preu que aspirem obtenir, aconseguint allargar el temps en el que un pis\/local romandr\u00e0 buit. Un altre error \u00e9s creure que els preus que es demanen per immobles similars s\u00f3n reals. Doncs molts cops el preu d\u2019oferta \u00e9s molt diferent al preu al que es tanca una operaci\u00f3.<\/p>\n<div style=\"width: 500px; float: right;\">\n<blockquote>\n<p>En definitiva,<span style=\"color: #c73a41;\"> <strong><span style=\"text-decoration: underline;\">REDU\u00cfM EL TEMPS<\/span><\/strong><\/span> en el que un immoble est\u00e0 sense llogar.<\/p>\n<\/blockquote>\n<\/div>\n<p>Un pis arreglat i ben ambientat es <strong>llogar\u00e0 o vendr\u00e0 abans,<\/strong> sense necessitat de rebaixar el preu per fer-lo m\u00e9s atractiu.<\/p>\n<\/div>\n<p>&nbsp;<\/p>\n<p><span style=\"color: #c73a41; text-decoration: underline;\">SERVEIS ADDICIONALS<\/span><\/p>\n<p><img decoding=\"async\" loading=\"lazy\" class=\" size-full wp-image-128 alignright\" src=\"http:\/\/www.fincasmoles.com\/wp-content\/uploads\/2014\/09\/Logo-ventas.jpg\" alt=\"Logo-ventas\" width=\"200\" height=\"78\" \/><\/p>\n<ul>\n<li>Busquem llogaters solvents i puntuals en el pagament per poder oferir-li les m\u00e0ximes garanties en el cobrament del lloguer<\/li>\n<li>Le reformamos el inmueble en el caso que sea preciso.<\/li>\n<li>Li gestionem la <span style=\"color: #c73a41;\"><strong>C\u00c8DULA D&#8217;HABITABILITAT<\/strong><\/span> <span style=\"color: #000000;\">i el\u00a0<\/span><span style=\"color: #c73a41;\"><strong> CERTIFICAT D&#8217;EFICI\u00c8NCIA ENERG\u00c8TICA.<\/strong><\/span><\/li>\n<li>Mantenim els subministraments al corrent de pagament fins l\u2019entrada del nou llogater.<\/li>\n<li>Ens ocupem d\u2019equipar l\u2019habitatge amb els electrodom\u00e8stics que es puguin necessitar i sempre a un preu competitiu<\/li>\n<li>I si ho desitja tamb\u00e9 ens ocupem de moblar i decorar l\u2019habitatge<\/li>\n<\/ul>\n","protected":false},"excerpt":{"rendered":"<p>&nbsp; Reformem, decorem i preparem el seu immoble per la venda o lloguer. Li aconsellem un preu objectiu i competitiu. El publicitem a internet en diversos portals immobiliaris. Escollim el millor llogater possible. Li proporcionem fot\u00f2graf professional per obtenir les millors imatges. &nbsp; PREU OBJECTIU El preu objectiu \u00e9s el preu pel que podrem realment&#8230;<a href=\"http:\/\/www.fincasmoles.com\/ca\/llistat-dinmobles\/como-alquilamos-eficientemente\/\" class=\"epl-more-link\">Llegir m\u00e9s&rarr;<\/a><\/p>\n","protected":false},"author":2,"featured_media":0,"parent":722,"menu_order":0,"comment_status":"open","ping_status":"closed","template":"","meta":[],"yoast_head":"<!-- This site is optimized with the Yoast SEO plugin v19.9 - https:\/\/yoast.com\/wordpress\/plugins\/seo\/ -->\n<title>\u00bfC\u00d3M LLOGUEM EFICIENTEMENT? - Fincas Moles<\/title>\n<meta name=\"robots\" content=\"index, follow, max-snippet:-1, max-image-preview:large, max-video-preview:-1\" \/>\n<link rel=\"canonical\" href=\"http:\/\/www.fincasmoles.com\/ca\/llistat-dinmobles\/como-alquilamos-eficientemente\/\" \/>\n<meta property=\"og:locale\" content=\"ca_ES\" \/>\n<meta property=\"og:type\" content=\"article\" \/>\n<meta property=\"og:title\" content=\"\u00bfC\u00d3M LLOGUEM EFICIENTEMENT? - Fincas Moles\" \/>\n<meta property=\"og:description\" content=\"&nbsp; Reformem, decorem i preparem el seu immoble per la venda o lloguer. Li aconsellem un preu objectiu i competitiu. El publicitem a internet en diversos portals immobiliaris. Escollim el millor llogater possible. Li proporcionem fot\u00f2graf professional per obtenir les millors imatges. &nbsp; PREU OBJECTIU El preu objectiu \u00e9s el preu pel que podrem realment...Llegir m\u00e9s&rarr;\" \/>\n<meta property=\"og:url\" content=\"http:\/\/www.fincasmoles.com\/ca\/llistat-dinmobles\/como-alquilamos-eficientemente\/\" \/>\n<meta property=\"og:site_name\" content=\"Fincas Moles\" \/>\n<meta property=\"article:modified_time\" content=\"2017-05-23T17:43:12+00:00\" \/>\n<meta property=\"og:image\" content=\"http:\/\/www.fincasmoles.com\/wp-content\/uploads\/2014\/12\/alquiler-relooking.jpg\" \/>\n<meta name=\"twitter:label1\" content=\"Temps estimat de lectura\" \/>\n\t<meta name=\"twitter:data1\" content=\"2 minuts\" \/>\n<script type=\"application\/ld+json\" class=\"yoast-schema-graph\">{\"@context\":\"https:\/\/schema.org\",\"@graph\":[{\"@type\":\"WebPage\",\"@id\":\"http:\/\/www.fincasmoles.com\/ca\/llistat-dinmobles\/como-alquilamos-eficientemente\/\",\"url\":\"http:\/\/www.fincasmoles.com\/ca\/llistat-dinmobles\/como-alquilamos-eficientemente\/\",\"name\":\"\u00bfC\u00d3M LLOGUEM EFICIENTEMENT? - Fincas Moles\",\"isPartOf\":{\"@id\":\"https:\/\/www.fincasmoles.com\/#website\"},\"datePublished\":\"2015-04-22T14:18:07+00:00\",\"dateModified\":\"2017-05-23T17:43:12+00:00\",\"breadcrumb\":{\"@id\":\"http:\/\/www.fincasmoles.com\/ca\/llistat-dinmobles\/como-alquilamos-eficientemente\/#breadcrumb\"},\"inLanguage\":\"ca\",\"potentialAction\":[{\"@type\":\"ReadAction\",\"target\":[\"http:\/\/www.fincasmoles.com\/ca\/llistat-dinmobles\/como-alquilamos-eficientemente\/\"]}]},{\"@type\":\"BreadcrumbList\",\"@id\":\"http:\/\/www.fincasmoles.com\/ca\/llistat-dinmobles\/como-alquilamos-eficientemente\/#breadcrumb\",\"itemListElement\":[{\"@type\":\"ListItem\",\"position\":1,\"name\":\"Portada\",\"item\":\"https:\/\/www.fincasmoles.com\/ca\/\"},{\"@type\":\"ListItem\",\"position\":2,\"name\":\"Llistat d&#8217;immobles\",\"item\":\"http:\/\/www.fincasmoles.com\/ca\/llistat-dinmobles\/\"},{\"@type\":\"ListItem\",\"position\":3,\"name\":\"\u00bfC\u00d3M LLOGUEM EFICIENTEMENT?\"}]},{\"@type\":\"WebSite\",\"@id\":\"https:\/\/www.fincasmoles.com\/#website\",\"url\":\"https:\/\/www.fincasmoles.com\/\",\"name\":\"Fincas Moles\",\"description\":\"Moles\",\"potentialAction\":[{\"@type\":\"SearchAction\",\"target\":{\"@type\":\"EntryPoint\",\"urlTemplate\":\"https:\/\/www.fincasmoles.com\/?s={search_term_string}\"},\"query-input\":\"required name=search_term_string\"}],\"inLanguage\":\"ca\"}]}<\/script>\n<!-- \/ Yoast SEO plugin. -->","yoast_head_json":{"title":"\u00bfC\u00d3M LLOGUEM EFICIENTEMENT? - Fincas Moles","robots":{"index":"index","follow":"follow","max-snippet":"max-snippet:-1","max-image-preview":"max-image-preview:large","max-video-preview":"max-video-preview:-1"},"canonical":"http:\/\/www.fincasmoles.com\/ca\/llistat-dinmobles\/como-alquilamos-eficientemente\/","og_locale":"ca_ES","og_type":"article","og_title":"\u00bfC\u00d3M LLOGUEM EFICIENTEMENT? - Fincas Moles","og_description":"&nbsp; Reformem, decorem i preparem el seu immoble per la venda o lloguer. Li aconsellem un preu objectiu i competitiu. El publicitem a internet en diversos portals immobiliaris. Escollim el millor llogater possible. Li proporcionem fot\u00f2graf professional per obtenir les millors imatges. &nbsp; PREU OBJECTIU El preu objectiu \u00e9s el preu pel que podrem realment...Llegir m\u00e9s&rarr;","og_url":"http:\/\/www.fincasmoles.com\/ca\/llistat-dinmobles\/como-alquilamos-eficientemente\/","og_site_name":"Fincas Moles","article_modified_time":"2017-05-23T17:43:12+00:00","og_image":[{"url":"http:\/\/www.fincasmoles.com\/wp-content\/uploads\/2014\/12\/alquiler-relooking.jpg"}],"twitter_misc":{"Temps estimat de lectura":"2 minuts"},"schema":{"@context":"https:\/\/schema.org","@graph":[{"@type":"WebPage","@id":"http:\/\/www.fincasmoles.com\/ca\/llistat-dinmobles\/como-alquilamos-eficientemente\/","url":"http:\/\/www.fincasmoles.com\/ca\/llistat-dinmobles\/como-alquilamos-eficientemente\/","name":"\u00bfC\u00d3M LLOGUEM EFICIENTEMENT? - Fincas Moles","isPartOf":{"@id":"https:\/\/www.fincasmoles.com\/#website"},"datePublished":"2015-04-22T14:18:07+00:00","dateModified":"2017-05-23T17:43:12+00:00","breadcrumb":{"@id":"http:\/\/www.fincasmoles.com\/ca\/llistat-dinmobles\/como-alquilamos-eficientemente\/#breadcrumb"},"inLanguage":"ca","potentialAction":[{"@type":"ReadAction","target":["http:\/\/www.fincasmoles.com\/ca\/llistat-dinmobles\/como-alquilamos-eficientemente\/"]}]},{"@type":"BreadcrumbList","@id":"http:\/\/www.fincasmoles.com\/ca\/llistat-dinmobles\/como-alquilamos-eficientemente\/#breadcrumb","itemListElement":[{"@type":"ListItem","position":1,"name":"Portada","item":"https:\/\/www.fincasmoles.com\/ca\/"},{"@type":"ListItem","position":2,"name":"Llistat d&#8217;immobles","item":"http:\/\/www.fincasmoles.com\/ca\/llistat-dinmobles\/"},{"@type":"ListItem","position":3,"name":"\u00bfC\u00d3M LLOGUEM EFICIENTEMENT?"}]},{"@type":"WebSite","@id":"https:\/\/www.fincasmoles.com\/#website","url":"https:\/\/www.fincasmoles.com\/","name":"Fincas Moles","description":"Moles","potentialAction":[{"@type":"SearchAction","target":{"@type":"EntryPoint","urlTemplate":"https:\/\/www.fincasmoles.com\/?s={search_term_string}"},"query-input":"required name=search_term_string"}],"inLanguage":"ca"}]}},"_links":{"self":[{"href":"http:\/\/www.fincasmoles.com\/ca\/wp-json\/wp\/v2\/pages\/745"}],"collection":[{"href":"http:\/\/www.fincasmoles.com\/ca\/wp-json\/wp\/v2\/pages"}],"about":[{"href":"http:\/\/www.fincasmoles.com\/ca\/wp-json\/wp\/v2\/types\/page"}],"author":[{"embeddable":true,"href":"http:\/\/www.fincasmoles.com\/ca\/wp-json\/wp\/v2\/users\/2"}],"replies":[{"embeddable":true,"href":"http:\/\/www.fincasmoles.com\/ca\/wp-json\/wp\/v2\/comments?post=745"}],"version-history":[{"count":0,"href":"http:\/\/www.fincasmoles.com\/ca\/wp-json\/wp\/v2\/pages\/745\/revisions"}],"up":[{"embeddable":true,"href":"http:\/\/www.fincasmoles.com\/ca\/wp-json\/wp\/v2\/pages\/722"}],"wp:attachment":[{"href":"http:\/\/www.fincasmoles.com\/ca\/wp-json\/wp\/v2\/media?parent=745"}],"curies":[{"name":"wp","href":"https:\/\/api.w.org\/{rel}","templated":true}]}}