{"id":734,"date":"2015-04-22T13:23:00","date_gmt":"2015-04-22T13:23:00","guid":{"rendered":"http:\/\/www.pruebas.promocion3d.com\/?page_id=734"},"modified":"2017-05-23T16:56:51","modified_gmt":"2017-05-23T16:56:51","slug":"departamento-tecnico","status":"publish","type":"page","link":"http:\/\/www.fincasmoles.com\/ca\/departamento-tecnico\/","title":{"rendered":"DEPARTAMENT T\u00c9CNIC"},"content":{"rendered":"<p>&nbsp;<\/p>\n<p><img decoding=\"async\" loading=\"lazy\" class=\"alignleft  wp-image-109\" src=\"http:\/\/www.fincasmoles.com\/wp-content\/uploads\/2014\/09\/Tecnico-img.jpg\" alt=\"Tecnico-img\" width=\"205\" height=\"275\" srcset=\"http:\/\/www.fincasmoles.com\/wp-content\/uploads\/2014\/09\/Tecnico-img.jpg 298w, http:\/\/www.fincasmoles.com\/wp-content\/uploads\/2014\/09\/Tecnico-img-224x300.jpg 224w\" sizes=\"(max-width: 205px) 100vw, 205px\" \/><\/p>\n<div style=\"width: 70%; float: left;\">\n<blockquote>\n<p>El nostre equip titulat est\u00e0 format per Arquitectes i Enginyers de l\u2019Edificaci\u00f3<\/p>\n<\/blockquote>\n<\/div>\n<p>&nbsp;<\/p>\n<p>&nbsp;<\/p>\n<div style=\"float: left;\">\n<ul>\n<li>C\u00e8dula d\u2019Habitabilitat<\/li>\n<li>Certificat d\u2019Efici\u00e8ncia Energ\u00e8tica<\/li>\n<li>Tramitaci\u00f3 d\u2019ITE (Inspecci\u00f3 T\u00e8cnica de l\u2019Edifici)<\/li>\n<li>Aixecament de pl\u00e0nols<\/li>\n<li>Projectes de reforma i d\u2019interiorisme<\/li>\n<li>Permisos municipals, visats en els Col\u00b7legis oficials, direcci\u00f3 d\u2019obra, etc..<\/li>\n<li>Obres en zones comunit\u00e0ries (fa\u00e7anes, ascensors, terrats, vest\u00edbuls&#8230;)<\/li>\n<li>Canvi d\u2019\u00fas<\/li>\n<\/ul>\n<p>&nbsp;<\/p>\n<\/div>\n<p style=\"text-align: center;\">[gallery_bank type=&#8221;images&#8221; format=&#8221;thumbnail&#8221; title=&#8221;false&#8221; desc=&#8221;false&#8221; img_in_row=&#8221;6&#8243; special_effect=&#8221;none&#8221; animation_effect=&#8221;fadeIn&#8221; album_title=&#8221;false&#8221; album_id=&#8221;4&#8243;]<\/p>\n<p>&nbsp;<\/p>\n<p><img decoding=\"async\" loading=\"lazy\" class=\"alignnone wp-image-107\" src=\"http:\/\/www.fincasmoles.com\/wp-content\/uploads\/2014\/09\/Logo-tecnico.jpg\" alt=\"\" width=\"350\" height=\"85\" srcset=\"http:\/\/www.fincasmoles.com\/wp-content\/uploads\/2014\/09\/Logo-tecnico.jpg 412w, http:\/\/www.fincasmoles.com\/wp-content\/uploads\/2014\/09\/Logo-tecnico-300x72.jpg 300w\" sizes=\"(max-width: 350px) 100vw, 350px\" \/><\/p>\n","protected":false},"excerpt":{"rendered":"<p>&nbsp; El nostre equip titulat est\u00e0 format per Arquitectes i Enginyers de l\u2019Edificaci\u00f3 &nbsp; &nbsp; C\u00e8dula d\u2019Habitabilitat Certificat d\u2019Efici\u00e8ncia Energ\u00e8tica Tramitaci\u00f3 d\u2019ITE (Inspecci\u00f3 T\u00e8cnica de l\u2019Edifici) Aixecament de pl\u00e0nols Projectes de reforma i d\u2019interiorisme Permisos municipals, visats en els Col\u00b7legis oficials, direcci\u00f3 d\u2019obra, etc.. Obres en zones comunit\u00e0ries (fa\u00e7anes, ascensors, terrats, vest\u00edbuls&#8230;) Canvi d\u2019\u00fas &nbsp;&#8230;<a href=\"http:\/\/www.fincasmoles.com\/ca\/departamento-tecnico\/\" class=\"epl-more-link\">Llegir m\u00e9s&rarr;<\/a><\/p>\n","protected":false},"author":2,"featured_media":0,"parent":0,"menu_order":3,"comment_status":"open","ping_status":"closed","template":"","meta":[],"yoast_head":"<!-- This site is optimized with the Yoast SEO plugin v19.9 - https:\/\/yoast.com\/wordpress\/plugins\/seo\/ -->\n<title>DEPARTAMENT T\u00c9CNIC - Fincas Moles<\/title>\n<meta name=\"robots\" content=\"index, follow, max-snippet:-1, max-image-preview:large, max-video-preview:-1\" \/>\n<link rel=\"canonical\" href=\"http:\/\/www.fincasmoles.com\/ca\/departamento-tecnico\/\" \/>\n<meta property=\"og:locale\" content=\"ca_ES\" \/>\n<meta property=\"og:type\" content=\"article\" \/>\n<meta property=\"og:title\" content=\"DEPARTAMENT T\u00c9CNIC - Fincas Moles\" \/>\n<meta property=\"og:description\" content=\"&nbsp; El nostre equip titulat est\u00e0 format per Arquitectes i Enginyers de l\u2019Edificaci\u00f3 &nbsp; &nbsp; C\u00e8dula d\u2019Habitabilitat Certificat d\u2019Efici\u00e8ncia Energ\u00e8tica Tramitaci\u00f3 d\u2019ITE (Inspecci\u00f3 T\u00e8cnica de l\u2019Edifici) Aixecament de pl\u00e0nols Projectes de reforma i d\u2019interiorisme Permisos municipals, visats en els Col\u00b7legis oficials, direcci\u00f3 d\u2019obra, etc.. Obres en zones comunit\u00e0ries (fa\u00e7anes, ascensors, terrats, vest\u00edbuls&#8230;) Canvi d\u2019\u00fas &nbsp;...Llegir m\u00e9s&rarr;\" \/>\n<meta property=\"og:url\" content=\"http:\/\/www.fincasmoles.com\/ca\/departamento-tecnico\/\" \/>\n<meta property=\"og:site_name\" content=\"Fincas Moles\" \/>\n<meta property=\"article:modified_time\" content=\"2017-05-23T16:56:51+00:00\" \/>\n<meta property=\"og:image\" content=\"http:\/\/www.fincasmoles.com\/wp-content\/uploads\/2014\/09\/Tecnico-img.jpg\" \/>\n<script type=\"application\/ld+json\" class=\"yoast-schema-graph\">{\"@context\":\"https:\/\/schema.org\",\"@graph\":[{\"@type\":\"WebPage\",\"@id\":\"http:\/\/www.fincasmoles.com\/ca\/departamento-tecnico\/\",\"url\":\"http:\/\/www.fincasmoles.com\/ca\/departamento-tecnico\/\",\"name\":\"DEPARTAMENT T\u00c9CNIC - Fincas Moles\",\"isPartOf\":{\"@id\":\"https:\/\/www.fincasmoles.com\/en\/#website\"},\"datePublished\":\"2015-04-22T13:23:00+00:00\",\"dateModified\":\"2017-05-23T16:56:51+00:00\",\"breadcrumb\":{\"@id\":\"http:\/\/www.fincasmoles.com\/ca\/departamento-tecnico\/#breadcrumb\"},\"inLanguage\":\"ca\",\"potentialAction\":[{\"@type\":\"ReadAction\",\"target\":[\"http:\/\/www.fincasmoles.com\/ca\/departamento-tecnico\/\"]}]},{\"@type\":\"BreadcrumbList\",\"@id\":\"http:\/\/www.fincasmoles.com\/ca\/departamento-tecnico\/#breadcrumb\",\"itemListElement\":[{\"@type\":\"ListItem\",\"position\":1,\"name\":\"Portada\",\"item\":\"http:\/\/www.fincasmoles.com\/ca\/\"},{\"@type\":\"ListItem\",\"position\":2,\"name\":\"DEPARTAMENT T\u00c9CNIC\"}]},{\"@type\":\"WebSite\",\"@id\":\"https:\/\/www.fincasmoles.com\/en\/#website\",\"url\":\"https:\/\/www.fincasmoles.com\/en\/\",\"name\":\"Fincas Moles\",\"description\":\"Moles\",\"potentialAction\":[{\"@type\":\"SearchAction\",\"target\":{\"@type\":\"EntryPoint\",\"urlTemplate\":\"https:\/\/www.fincasmoles.com\/en\/?s={search_term_string}\"},\"query-input\":\"required name=search_term_string\"}],\"inLanguage\":\"ca\"}]}<\/script>\n<!-- \/ Yoast SEO plugin. -->","yoast_head_json":{"title":"DEPARTAMENT T\u00c9CNIC - Fincas Moles","robots":{"index":"index","follow":"follow","max-snippet":"max-snippet:-1","max-image-preview":"max-image-preview:large","max-video-preview":"max-video-preview:-1"},"canonical":"http:\/\/www.fincasmoles.com\/ca\/departamento-tecnico\/","og_locale":"ca_ES","og_type":"article","og_title":"DEPARTAMENT T\u00c9CNIC - Fincas Moles","og_description":"&nbsp; El nostre equip titulat est\u00e0 format per Arquitectes i Enginyers de l\u2019Edificaci\u00f3 &nbsp; &nbsp; C\u00e8dula d\u2019Habitabilitat Certificat d\u2019Efici\u00e8ncia Energ\u00e8tica Tramitaci\u00f3 d\u2019ITE (Inspecci\u00f3 T\u00e8cnica de l\u2019Edifici) Aixecament de pl\u00e0nols Projectes de reforma i d\u2019interiorisme Permisos municipals, visats en els Col\u00b7legis oficials, direcci\u00f3 d\u2019obra, etc.. Obres en zones comunit\u00e0ries (fa\u00e7anes, ascensors, terrats, vest\u00edbuls&#8230;) Canvi d\u2019\u00fas &nbsp;...Llegir m\u00e9s&rarr;","og_url":"http:\/\/www.fincasmoles.com\/ca\/departamento-tecnico\/","og_site_name":"Fincas Moles","article_modified_time":"2017-05-23T16:56:51+00:00","og_image":[{"url":"http:\/\/www.fincasmoles.com\/wp-content\/uploads\/2014\/09\/Tecnico-img.jpg"}],"schema":{"@context":"https:\/\/schema.org","@graph":[{"@type":"WebPage","@id":"http:\/\/www.fincasmoles.com\/ca\/departamento-tecnico\/","url":"http:\/\/www.fincasmoles.com\/ca\/departamento-tecnico\/","name":"DEPARTAMENT T\u00c9CNIC - Fincas Moles","isPartOf":{"@id":"https:\/\/www.fincasmoles.com\/en\/#website"},"datePublished":"2015-04-22T13:23:00+00:00","dateModified":"2017-05-23T16:56:51+00:00","breadcrumb":{"@id":"http:\/\/www.fincasmoles.com\/ca\/departamento-tecnico\/#breadcrumb"},"inLanguage":"ca","potentialAction":[{"@type":"ReadAction","target":["http:\/\/www.fincasmoles.com\/ca\/departamento-tecnico\/"]}]},{"@type":"BreadcrumbList","@id":"http:\/\/www.fincasmoles.com\/ca\/departamento-tecnico\/#breadcrumb","itemListElement":[{"@type":"ListItem","position":1,"name":"Portada","item":"http:\/\/www.fincasmoles.com\/ca\/"},{"@type":"ListItem","position":2,"name":"DEPARTAMENT T\u00c9CNIC"}]},{"@type":"WebSite","@id":"https:\/\/www.fincasmoles.com\/en\/#website","url":"https:\/\/www.fincasmoles.com\/en\/","name":"Fincas Moles","description":"Moles","potentialAction":[{"@type":"SearchAction","target":{"@type":"EntryPoint","urlTemplate":"https:\/\/www.fincasmoles.com\/en\/?s={search_term_string}"},"query-input":"required name=search_term_string"}],"inLanguage":"ca"}]}},"_links":{"self":[{"href":"http:\/\/www.fincasmoles.com\/ca\/wp-json\/wp\/v2\/pages\/734"}],"collection":[{"href":"http:\/\/www.fincasmoles.com\/ca\/wp-json\/wp\/v2\/pages"}],"about":[{"href":"http:\/\/www.fincasmoles.com\/ca\/wp-json\/wp\/v2\/types\/page"}],"author":[{"embeddable":true,"href":"http:\/\/www.fincasmoles.com\/ca\/wp-json\/wp\/v2\/users\/2"}],"replies":[{"embeddable":true,"href":"http:\/\/www.fincasmoles.com\/ca\/wp-json\/wp\/v2\/comments?post=734"}],"version-history":[{"count":0,"href":"http:\/\/www.fincasmoles.com\/ca\/wp-json\/wp\/v2\/pages\/734\/revisions"}],"wp:attachment":[{"href":"http:\/\/www.fincasmoles.com\/ca\/wp-json\/wp\/v2\/media?parent=734"}],"curies":[{"name":"wp","href":"https:\/\/api.w.org\/{rel}","templated":true}]}}