{"id":727,"date":"2015-04-22T13:12:38","date_gmt":"2015-04-22T13:12:38","guid":{"rendered":"http:\/\/www.pruebas.promocion3d.com\/?page_id=727"},"modified":"2017-05-23T16:52:45","modified_gmt":"2017-05-23T16:52:45","slug":"departament-fiscal-comptable-i-laboral","status":"publish","type":"page","link":"http:\/\/www.fincasmoles.com\/ca\/departament-fiscal-comptable-i-laboral\/","title":{"rendered":"DEPARTAMENT FISCAL, COMPTABLE I LABORAL"},"content":{"rendered":"<p>&nbsp;<\/p>\n<div style=\"margin-left: 70px; width: 60%;\">\n<blockquote>\n<p><strong>Solucions<\/strong> pr\u00e0ctiques en un llenguatge proper i comprensible per a qualsevol<\/p>\n<\/blockquote>\n<\/div>\n<p>&nbsp;<\/p>\n<div style=\"float: left; width: 100%;\">\n<p><img decoding=\"async\" loading=\"lazy\" class=\"alignleft wp-image-284\" style=\"margin-right: 25px;\" src=\"http:\/\/www.fincasmoles.com\/wp-content\/uploads\/2014\/09\/quad-fiscal.jpg\" alt=\"quad-fiscal\" width=\"190\" height=\"190\" srcset=\"http:\/\/www.fincasmoles.com\/wp-content\/uploads\/2014\/09\/quad-fiscal.jpg 207w, http:\/\/www.fincasmoles.com\/wp-content\/uploads\/2014\/09\/quad-fiscal-150x150.jpg 150w\" sizes=\"(max-width: 190px) 100vw, 190px\" \/><\/p>\n<h3>Gesti\u00f3 fiscal:<\/h3>\n<ul>\n<li>Elaboraci\u00f3 i presentaci\u00f3 telem\u00e0tica de declaracions peri\u00f2diques i anuals (IVA, IRPF, etc&#8230;)<\/li>\n<li>Assessorament fiscal personalitzat i a mida, <strong>online o presencial.<\/strong><\/li>\n<li>Resoluci\u00f3 de consultes fiscals puntuals o estudis, <strong>online o presencial.<\/strong><\/li>\n<li>Estudis de planificaci\u00f3 fiscal.<\/li>\n<li>Assist\u00e8ncia personal davant d\u2019inspeccions de l\u2019administraci\u00f3 tribut\u00e0ria.<\/li>\n<\/ul>\n<\/div>\n<div style=\"float: left; width: 100%;\">\n<p><img decoding=\"async\" loading=\"lazy\" class=\"alignleft wp-image-284\" style=\"margin-right: 25px;\" src=\"http:\/\/www.fincasmoles.com\/wp-content\/uploads\/2014\/09\/quad-contable.jpg\" alt=\"quad-contable\" width=\"190\" height=\"190\" \/><\/p>\n<h3>Gesti\u00f3 comptable:<\/h3>\n<ul>\n<li>Software de gesti\u00f3 per a <strong>qualsevol tipus de forma jur\u00eddica<\/strong> (PYME, aut\u00f2nom, fundaci\u00f3, etc)<\/li>\n<li><strong>Asessorament online<\/strong> i supervisi\u00f3 d\u2019apunts i processos comptables.<\/li>\n<li>Tancaments comptables de trimestre i exercici de balan\u00e7os i propostes de rendibilitat de recursos.<\/li>\n<li>Legalitzaci\u00f3 de llibres de comptabilitat, dip\u00f2sit de comptes anuals en el <strong>Registre Mercantil i Registre de Cooperatives<\/strong>.<\/li>\n<li>Rendici\u00f3 de comptes anuals al <strong>Protectorat de Fundacions<\/strong> en l\u2019\u00e0mbit auton\u00f2mic i estatal.<\/li>\n<li>Rendici\u00f3 de comptes anuals al <strong>Ministeri de l\u2019Interior d\u2019associacions d\u2019Utilitat P\u00fablica.<\/strong><\/li>\n<\/ul>\n<\/div>\n<div style=\"float: left; width: 100%;\">\n<p><img decoding=\"async\" loading=\"lazy\" class=\"alignleft wp-image-284\" style=\"margin-right: 25px;\" src=\"http:\/\/www.fincasmoles.com\/wp-content\/uploads\/2014\/09\/quad-laboral.jpg\" alt=\"quad-fiscal\" width=\"190\" height=\"190\" \/><\/p>\n<h3>Gesti\u00f3n laboral:<\/h3>\n<ul>\n<li>Redacci\u00f3 de contractes de treball i estudi de bonificacions.<\/li>\n<li>Confecci\u00f2 de <strong>n\u00f2mines<\/strong>.<\/li>\n<li>Confecci\u00f3 de butlletins de la Seguretat Social.<\/li>\n<li>Elaboraci\u00f3 de documents d\u2019alta o baixa dels treballadors.<\/li>\n<li>Confecci\u00f3 de les liquidacions peri\u00f2diques de retencions dels treballadors.<\/li>\n<li>Acomiadaments<\/li>\n<li>Asessorament laboral.<\/li>\n<\/ul>\n<p><img decoding=\"async\" loading=\"lazy\" class=\" size-full wp-image-113 alignright\" src=\"http:\/\/www.fincasmoles.com\/wp-content\/uploads\/2014\/09\/Logo-fiscal.jpg\" alt=\"Logo-fiscal\" width=\"325\" height=\"88\" srcset=\"http:\/\/www.fincasmoles.com\/wp-content\/uploads\/2014\/09\/Logo-fiscal.jpg 325w, http:\/\/www.fincasmoles.com\/wp-content\/uploads\/2014\/09\/Logo-fiscal-300x81.jpg 300w\" sizes=\"(max-width: 325px) 100vw, 325px\" \/><\/p>\n<\/div>\n","protected":false},"excerpt":{"rendered":"<p>&nbsp; Solucions pr\u00e0ctiques en un llenguatge proper i comprensible per a qualsevol &nbsp; Gesti\u00f3 fiscal: Elaboraci\u00f3 i presentaci\u00f3 telem\u00e0tica de declaracions peri\u00f2diques i anuals (IVA, IRPF, etc&#8230;) Assessorament fiscal personalitzat i a mida, online o presencial. Resoluci\u00f3 de consultes fiscals puntuals o estudis, online o presencial. Estudis de planificaci\u00f3 fiscal. Assist\u00e8ncia personal davant d\u2019inspeccions de&#8230;<a href=\"http:\/\/www.fincasmoles.com\/ca\/departament-fiscal-comptable-i-laboral\/\" class=\"epl-more-link\">Llegir m\u00e9s&rarr;<\/a><\/p>\n","protected":false},"author":2,"featured_media":0,"parent":0,"menu_order":2,"comment_status":"open","ping_status":"closed","template":"","meta":[],"yoast_head":"<!-- This site is optimized with the Yoast SEO plugin v19.9 - https:\/\/yoast.com\/wordpress\/plugins\/seo\/ -->\n<title>DEPARTAMENT FISCAL, COMPTABLE I LABORAL - Fincas Moles<\/title>\n<meta name=\"robots\" content=\"index, follow, max-snippet:-1, max-image-preview:large, max-video-preview:-1\" \/>\n<link rel=\"canonical\" href=\"http:\/\/www.fincasmoles.com\/ca\/departament-fiscal-comptable-i-laboral\/\" \/>\n<meta property=\"og:locale\" content=\"ca_ES\" \/>\n<meta property=\"og:type\" content=\"article\" \/>\n<meta property=\"og:title\" content=\"DEPARTAMENT FISCAL, COMPTABLE I LABORAL - Fincas Moles\" \/>\n<meta property=\"og:description\" content=\"&nbsp; Solucions pr\u00e0ctiques en un llenguatge proper i comprensible per a qualsevol &nbsp; Gesti\u00f3 fiscal: Elaboraci\u00f3 i presentaci\u00f3 telem\u00e0tica de declaracions peri\u00f2diques i anuals (IVA, IRPF, etc&#8230;) Assessorament fiscal personalitzat i a mida, online o presencial. Resoluci\u00f3 de consultes fiscals puntuals o estudis, online o presencial. Estudis de planificaci\u00f3 fiscal. Assist\u00e8ncia personal davant d\u2019inspeccions de...Llegir m\u00e9s&rarr;\" \/>\n<meta property=\"og:url\" content=\"http:\/\/www.fincasmoles.com\/ca\/departament-fiscal-comptable-i-laboral\/\" \/>\n<meta property=\"og:site_name\" content=\"Fincas Moles\" \/>\n<meta property=\"article:modified_time\" content=\"2017-05-23T16:52:45+00:00\" \/>\n<meta property=\"og:image\" content=\"http:\/\/www.fincasmoles.com\/wp-content\/uploads\/2014\/09\/quad-fiscal.jpg\" \/>\n<meta name=\"twitter:label1\" content=\"Temps estimat de lectura\" \/>\n\t<meta name=\"twitter:data1\" content=\"1 minut\" \/>\n<script type=\"application\/ld+json\" class=\"yoast-schema-graph\">{\"@context\":\"https:\/\/schema.org\",\"@graph\":[{\"@type\":\"WebPage\",\"@id\":\"http:\/\/www.fincasmoles.com\/ca\/departament-fiscal-comptable-i-laboral\/\",\"url\":\"http:\/\/www.fincasmoles.com\/ca\/departament-fiscal-comptable-i-laboral\/\",\"name\":\"DEPARTAMENT FISCAL, COMPTABLE I LABORAL - Fincas Moles\",\"isPartOf\":{\"@id\":\"https:\/\/www.fincasmoles.com\/#website\"},\"datePublished\":\"2015-04-22T13:12:38+00:00\",\"dateModified\":\"2017-05-23T16:52:45+00:00\",\"breadcrumb\":{\"@id\":\"http:\/\/www.fincasmoles.com\/ca\/departament-fiscal-comptable-i-laboral\/#breadcrumb\"},\"inLanguage\":\"ca\",\"potentialAction\":[{\"@type\":\"ReadAction\",\"target\":[\"http:\/\/www.fincasmoles.com\/ca\/departament-fiscal-comptable-i-laboral\/\"]}]},{\"@type\":\"BreadcrumbList\",\"@id\":\"http:\/\/www.fincasmoles.com\/ca\/departament-fiscal-comptable-i-laboral\/#breadcrumb\",\"itemListElement\":[{\"@type\":\"ListItem\",\"position\":1,\"name\":\"Portada\",\"item\":\"https:\/\/www.fincasmoles.com\/ca\/\"},{\"@type\":\"ListItem\",\"position\":2,\"name\":\"DEPARTAMENT FISCAL, COMPTABLE I LABORAL\"}]},{\"@type\":\"WebSite\",\"@id\":\"https:\/\/www.fincasmoles.com\/#website\",\"url\":\"https:\/\/www.fincasmoles.com\/\",\"name\":\"Fincas Moles\",\"description\":\"Moles\",\"potentialAction\":[{\"@type\":\"SearchAction\",\"target\":{\"@type\":\"EntryPoint\",\"urlTemplate\":\"https:\/\/www.fincasmoles.com\/?s={search_term_string}\"},\"query-input\":\"required name=search_term_string\"}],\"inLanguage\":\"ca\"}]}<\/script>\n<!-- \/ Yoast SEO plugin. -->","yoast_head_json":{"title":"DEPARTAMENT FISCAL, COMPTABLE I LABORAL - Fincas Moles","robots":{"index":"index","follow":"follow","max-snippet":"max-snippet:-1","max-image-preview":"max-image-preview:large","max-video-preview":"max-video-preview:-1"},"canonical":"http:\/\/www.fincasmoles.com\/ca\/departament-fiscal-comptable-i-laboral\/","og_locale":"ca_ES","og_type":"article","og_title":"DEPARTAMENT FISCAL, COMPTABLE I LABORAL - Fincas Moles","og_description":"&nbsp; Solucions pr\u00e0ctiques en un llenguatge proper i comprensible per a qualsevol &nbsp; Gesti\u00f3 fiscal: Elaboraci\u00f3 i presentaci\u00f3 telem\u00e0tica de declaracions peri\u00f2diques i anuals (IVA, IRPF, etc&#8230;) Assessorament fiscal personalitzat i a mida, online o presencial. Resoluci\u00f3 de consultes fiscals puntuals o estudis, online o presencial. Estudis de planificaci\u00f3 fiscal. Assist\u00e8ncia personal davant d\u2019inspeccions de...Llegir m\u00e9s&rarr;","og_url":"http:\/\/www.fincasmoles.com\/ca\/departament-fiscal-comptable-i-laboral\/","og_site_name":"Fincas Moles","article_modified_time":"2017-05-23T16:52:45+00:00","og_image":[{"url":"http:\/\/www.fincasmoles.com\/wp-content\/uploads\/2014\/09\/quad-fiscal.jpg"}],"twitter_misc":{"Temps estimat de lectura":"1 minut"},"schema":{"@context":"https:\/\/schema.org","@graph":[{"@type":"WebPage","@id":"http:\/\/www.fincasmoles.com\/ca\/departament-fiscal-comptable-i-laboral\/","url":"http:\/\/www.fincasmoles.com\/ca\/departament-fiscal-comptable-i-laboral\/","name":"DEPARTAMENT FISCAL, COMPTABLE I LABORAL - Fincas Moles","isPartOf":{"@id":"https:\/\/www.fincasmoles.com\/#website"},"datePublished":"2015-04-22T13:12:38+00:00","dateModified":"2017-05-23T16:52:45+00:00","breadcrumb":{"@id":"http:\/\/www.fincasmoles.com\/ca\/departament-fiscal-comptable-i-laboral\/#breadcrumb"},"inLanguage":"ca","potentialAction":[{"@type":"ReadAction","target":["http:\/\/www.fincasmoles.com\/ca\/departament-fiscal-comptable-i-laboral\/"]}]},{"@type":"BreadcrumbList","@id":"http:\/\/www.fincasmoles.com\/ca\/departament-fiscal-comptable-i-laboral\/#breadcrumb","itemListElement":[{"@type":"ListItem","position":1,"name":"Portada","item":"https:\/\/www.fincasmoles.com\/ca\/"},{"@type":"ListItem","position":2,"name":"DEPARTAMENT FISCAL, COMPTABLE I LABORAL"}]},{"@type":"WebSite","@id":"https:\/\/www.fincasmoles.com\/#website","url":"https:\/\/www.fincasmoles.com\/","name":"Fincas Moles","description":"Moles","potentialAction":[{"@type":"SearchAction","target":{"@type":"EntryPoint","urlTemplate":"https:\/\/www.fincasmoles.com\/?s={search_term_string}"},"query-input":"required name=search_term_string"}],"inLanguage":"ca"}]}},"_links":{"self":[{"href":"http:\/\/www.fincasmoles.com\/ca\/wp-json\/wp\/v2\/pages\/727"}],"collection":[{"href":"http:\/\/www.fincasmoles.com\/ca\/wp-json\/wp\/v2\/pages"}],"about":[{"href":"http:\/\/www.fincasmoles.com\/ca\/wp-json\/wp\/v2\/types\/page"}],"author":[{"embeddable":true,"href":"http:\/\/www.fincasmoles.com\/ca\/wp-json\/wp\/v2\/users\/2"}],"replies":[{"embeddable":true,"href":"http:\/\/www.fincasmoles.com\/ca\/wp-json\/wp\/v2\/comments?post=727"}],"version-history":[{"count":0,"href":"http:\/\/www.fincasmoles.com\/ca\/wp-json\/wp\/v2\/pages\/727\/revisions"}],"wp:attachment":[{"href":"http:\/\/www.fincasmoles.com\/ca\/wp-json\/wp\/v2\/media?parent=727"}],"curies":[{"name":"wp","href":"https:\/\/api.w.org\/{rel}","templated":true}]}}