{"id":722,"date":"2015-04-22T11:22:11","date_gmt":"2015-04-22T11:22:11","guid":{"rendered":"http:\/\/www.pruebas.promocion3d.com\/?page_id=722"},"modified":"2017-05-23T17:18:55","modified_gmt":"2017-05-23T17:18:55","slug":"llistat-dinmobles","status":"publish","type":"page","link":"http:\/\/www.fincasmoles.com\/ca\/llistat-dinmobles\/","title":{"rendered":"Llistat d&#8217;immobles"},"content":{"rendered":"\t<div class=\"loop epl-shortcode epl-clearfix\">\n\t\t<div class=\"loop-content  epl-template-blog epl-clearfix\">\n\t\t\t\n<div id=\"post-6789\" class=\"epl-listing-post epl-property-blog epl-clearfix post-6789 rental type-rental status-publish has-post-thumbnail hentry location-barcelona epl-status-current\" >\n\t<div class=\"epl-property-blog-entry-wrapper epl-clearfix\">\n\t\t\t\t\t\t\t\t\t<div class=\"property-box property-box-left property-featured-image-wrapper\">\n\t\t\t\t\t\t\t<div class=\"epl-archive-entry-image\">\n\t\t\t\t\t\t\t<a href=\"http:\/\/www.fincasmoles.com\/ca\/rental\/alquiler-de-temporada-en-el-eixample\/\">\n\t\t\t\t\t\t\t\t<div class=\"epl-blog-image\">\n\t\t\t\t\t\t\t\t\t\t\t\t<div class=\"epl-stickers-wrapper\">\n\t\t\t\t\t\t\t\t\t\t\t\t\t<\/div>\n\t\t\t\t\t\t\t\t\t\t\t\t<img width=\"300\" height=\"200\" src=\"http:\/\/www.fincasmoles.com\/wp-content\/uploads\/2023\/01\/1-300x200.jpg\" class=\"teaser-left-thumb wp-post-image\" alt=\"\" decoding=\"async\" loading=\"lazy\" srcset=\"http:\/\/www.fincasmoles.com\/wp-content\/uploads\/2023\/01\/1-300x200.jpg 300w, http:\/\/www.fincasmoles.com\/wp-content\/uploads\/2023\/01\/1-1024x682.jpg 1024w, http:\/\/www.fincasmoles.com\/wp-content\/uploads\/2023\/01\/1-768x512.jpg 768w, http:\/\/www.fincasmoles.com\/wp-content\/uploads\/2023\/01\/1.jpg 1280w\" sizes=\"(max-width: 300px) 100vw, 300px\" \/>\t\t\t\t\t<\/div>\n\t\t\t\t\t\t\t<\/a>\n\t\t\t\t\t<\/div>\n\t\t\t\t\t\t\t<!-- Home Open -->\n\t\t\t\t\t\t\t\t\t<\/div>\n\t\t\t\n\t\t\t<div class=\"property-box property-box-right property-content\">\n\t\t\t\t<!-- Heading -->\n\t\t\t\t<h3 class=\"entry-title\"><a href=\"http:\/\/www.fincasmoles.com\/ca\/rental\/alquiler-de-temporada-en-el-eixample\/\">ALQUILER DE TEMPORADA, en el Eixample<\/a><\/h3>\n\t\t\t\t<div class=\"entry-content\">\n\t\t\t\t\t<div class=\"epl-excerpt-content\"><p>Disfrute de una experiencia elegante en este condominio c\u00e9ntrico. Piso remodelado a estrenar en un edificio hist\u00f3rico, cerca de excelentes restaurantes y tiendas. Todo est\u00e1 cerca a poca distancia a pie, o a un corto trayecto en taxi. Excelentes restaurantes, excelente vida nocturna y tiendas de clase mundial, todo en el coraz\u00f3n de Barcelona. A...<a href=\"http:\/\/www.fincasmoles.com\/ca\/rental\/alquiler-de-temporada-en-el-eixample\/\" class=\"epl-more-link\">Llegir m\u00e9s&rarr;<\/a><\/p>\n<\/div>\t\t\t\t<\/div>\n\t\t\t\t<!-- Address -->\n\t\t\t\t<div class=\"property-address\">\n\t\t\t\t\t<a href=\"http:\/\/www.fincasmoles.com\/ca\/rental\/alquiler-de-temporada-en-el-eixample\/\">\n\t\t\t\t\t\t\t\t\t<span class=\"item-street\">ALQUILER DE TEMPORADA, en el Eixample\/Consell de cent,<\/span>\n\t\n\t\t\t<span class=\"entry-title-sub\">\n\t\t\t\t\t\t\t<span class=\"item-suburb\">Barcelona<\/span>\n\t\t\t\t\n\t\t\t\t\t\t<span class=\"item-state\"><\/span>\n\t\t\t<span class=\"item-pcode\">08011<\/span>\n\t\t\t\t\t<\/span>\n\t\t\t\t\t\t\t<\/a>\n\t\t\t\t<\/div>\n\t\t\t\t<!-- Property Featured Icons -->\n\t\t\t\t<div class=\"property-feature-icons\">\n\t\t\t\t\t<span title=\"Habitacions\" class=\"icon beds\"><span class=\"icon-value\">2<\/span><\/span><span title=\"Lavabos\" class=\"icon bath\"><span class=\"icon-value\">2<\/span><\/span><span title=\"Air Conditioning\" class=\"icon air\"><\/span>\t\t\t\t<\/div>\n\t\t\t\t<!-- Price -->\n\t\t\t\t<div class=\"price\">\n\t\t\t\t\t<span class=\"page-price-rent\"><span class=\"page-price\" style=\"margin-right:0\">2400\u20ac<\/span><\/span>\t\t\t\t<\/div>\n\t\t\t<\/div>\n\t\t\t<\/div>\n<\/div>\n\t\t<\/div>\n\t\t<div class=\"loop-footer epl-clearfix\">\n\t\t\t\t\n\t<div class=\"epl-paginate-default-wrapper epl-clearfix\">\n\t\t<div class=\"alignleft\"><\/div>\n\t\t<div class=\"alignright\"><\/div>\n\t<\/div>\n\t\t\t\t<\/div>\n\t<\/div>\n\t\n","protected":false},"excerpt":{"rendered":"","protected":false},"author":2,"featured_media":0,"parent":0,"menu_order":4,"comment_status":"closed","ping_status":"closed","template":"","meta":[],"yoast_head":"<!-- This site is optimized with the Yoast SEO plugin v19.9 - https:\/\/yoast.com\/wordpress\/plugins\/seo\/ -->\n<title>Llistat d&#039;immobles - Fincas Moles<\/title>\n<meta name=\"robots\" content=\"index, follow, max-snippet:-1, max-image-preview:large, max-video-preview:-1\" \/>\n<link rel=\"canonical\" href=\"http:\/\/www.fincasmoles.com\/ca\/llistat-dinmobles\/\" \/>\n<meta property=\"og:locale\" content=\"ca_ES\" \/>\n<meta property=\"og:type\" content=\"article\" \/>\n<meta property=\"og:title\" content=\"Llistat d&#039;immobles - Fincas Moles\" \/>\n<meta property=\"og:url\" content=\"http:\/\/www.fincasmoles.com\/ca\/llistat-dinmobles\/\" \/>\n<meta property=\"og:site_name\" content=\"Fincas Moles\" \/>\n<meta property=\"article:modified_time\" content=\"2017-05-23T17:18:55+00:00\" \/>\n<script type=\"application\/ld+json\" class=\"yoast-schema-graph\">{\"@context\":\"https:\/\/schema.org\",\"@graph\":[{\"@type\":\"WebPage\",\"@id\":\"http:\/\/www.fincasmoles.com\/ca\/llistat-dinmobles\/\",\"url\":\"http:\/\/www.fincasmoles.com\/ca\/llistat-dinmobles\/\",\"name\":\"Llistat d'immobles - Fincas Moles\",\"isPartOf\":{\"@id\":\"https:\/\/www.fincasmoles.com\/#website\"},\"datePublished\":\"2015-04-22T11:22:11+00:00\",\"dateModified\":\"2017-05-23T17:18:55+00:00\",\"breadcrumb\":{\"@id\":\"http:\/\/www.fincasmoles.com\/ca\/llistat-dinmobles\/#breadcrumb\"},\"inLanguage\":\"ca\",\"potentialAction\":[{\"@type\":\"ReadAction\",\"target\":[\"http:\/\/www.fincasmoles.com\/ca\/llistat-dinmobles\/\"]}]},{\"@type\":\"BreadcrumbList\",\"@id\":\"http:\/\/www.fincasmoles.com\/ca\/llistat-dinmobles\/#breadcrumb\",\"itemListElement\":[{\"@type\":\"ListItem\",\"position\":1,\"name\":\"Portada\",\"item\":\"https:\/\/www.fincasmoles.com\/ca\/\"},{\"@type\":\"ListItem\",\"position\":2,\"name\":\"Llistat d&#8217;immobles\"}]},{\"@type\":\"WebSite\",\"@id\":\"https:\/\/www.fincasmoles.com\/#website\",\"url\":\"https:\/\/www.fincasmoles.com\/\",\"name\":\"Fincas Moles\",\"description\":\"Moles\",\"potentialAction\":[{\"@type\":\"SearchAction\",\"target\":{\"@type\":\"EntryPoint\",\"urlTemplate\":\"https:\/\/www.fincasmoles.com\/?s={search_term_string}\"},\"query-input\":\"required name=search_term_string\"}],\"inLanguage\":\"ca\"}]}<\/script>\n<!-- \/ Yoast SEO plugin. -->","yoast_head_json":{"title":"Llistat d'immobles - Fincas Moles","robots":{"index":"index","follow":"follow","max-snippet":"max-snippet:-1","max-image-preview":"max-image-preview:large","max-video-preview":"max-video-preview:-1"},"canonical":"http:\/\/www.fincasmoles.com\/ca\/llistat-dinmobles\/","og_locale":"ca_ES","og_type":"article","og_title":"Llistat d'immobles - Fincas Moles","og_url":"http:\/\/www.fincasmoles.com\/ca\/llistat-dinmobles\/","og_site_name":"Fincas Moles","article_modified_time":"2017-05-23T17:18:55+00:00","schema":{"@context":"https:\/\/schema.org","@graph":[{"@type":"WebPage","@id":"http:\/\/www.fincasmoles.com\/ca\/llistat-dinmobles\/","url":"http:\/\/www.fincasmoles.com\/ca\/llistat-dinmobles\/","name":"Llistat d'immobles - Fincas Moles","isPartOf":{"@id":"https:\/\/www.fincasmoles.com\/#website"},"datePublished":"2015-04-22T11:22:11+00:00","dateModified":"2017-05-23T17:18:55+00:00","breadcrumb":{"@id":"http:\/\/www.fincasmoles.com\/ca\/llistat-dinmobles\/#breadcrumb"},"inLanguage":"ca","potentialAction":[{"@type":"ReadAction","target":["http:\/\/www.fincasmoles.com\/ca\/llistat-dinmobles\/"]}]},{"@type":"BreadcrumbList","@id":"http:\/\/www.fincasmoles.com\/ca\/llistat-dinmobles\/#breadcrumb","itemListElement":[{"@type":"ListItem","position":1,"name":"Portada","item":"https:\/\/www.fincasmoles.com\/ca\/"},{"@type":"ListItem","position":2,"name":"Llistat d&#8217;immobles"}]},{"@type":"WebSite","@id":"https:\/\/www.fincasmoles.com\/#website","url":"https:\/\/www.fincasmoles.com\/","name":"Fincas Moles","description":"Moles","potentialAction":[{"@type":"SearchAction","target":{"@type":"EntryPoint","urlTemplate":"https:\/\/www.fincasmoles.com\/?s={search_term_string}"},"query-input":"required name=search_term_string"}],"inLanguage":"ca"}]}},"_links":{"self":[{"href":"http:\/\/www.fincasmoles.com\/ca\/wp-json\/wp\/v2\/pages\/722"}],"collection":[{"href":"http:\/\/www.fincasmoles.com\/ca\/wp-json\/wp\/v2\/pages"}],"about":[{"href":"http:\/\/www.fincasmoles.com\/ca\/wp-json\/wp\/v2\/types\/page"}],"author":[{"embeddable":true,"href":"http:\/\/www.fincasmoles.com\/ca\/wp-json\/wp\/v2\/users\/2"}],"replies":[{"embeddable":true,"href":"http:\/\/www.fincasmoles.com\/ca\/wp-json\/wp\/v2\/comments?post=722"}],"version-history":[{"count":0,"href":"http:\/\/www.fincasmoles.com\/ca\/wp-json\/wp\/v2\/pages\/722\/revisions"}],"wp:attachment":[{"href":"http:\/\/www.fincasmoles.com\/ca\/wp-json\/wp\/v2\/media?parent=722"}],"curies":[{"name":"wp","href":"https:\/\/api.w.org\/{rel}","templated":true}]}}