{"id":715,"date":"2015-04-21T18:50:00","date_gmt":"2015-04-21T18:50:00","guid":{"rendered":"http:\/\/www.pruebas.promocion3d.com\/fincas-moles-3-2\/"},"modified":"2022-11-08T07:50:00","modified_gmt":"2022-11-08T07:50:00","slug":"fincas-moles-3","status":"publish","type":"page","link":"http:\/\/www.fincasmoles.com\/ca\/","title":{"rendered":"Fincas Moles"},"content":{"rendered":"<p><a href=\"https:\/\/fincasmoles.administraciononline.taaf.es\/\" target=\"_blank\" rel=\"noopener noreferrer\"><img decoding=\"async\" loading=\"lazy\" class=\"alignright wp-image-848 size-full\" src=\"http:\/\/www.fincasmoles.com\/wp-content\/uploads\/2015\/04\/oficina24h-CAT.jpg\" alt=\"\" width=\"159\" height=\"259\" \/><\/a><img decoding=\"async\" loading=\"lazy\" class=\"  alignright wp-image-856\" src=\"http:\/\/www.fincasmoles.com\/wp-content\/uploads\/2015\/04\/desde1908-CAT.jpg\" alt=\"\" width=\"185\" height=\"185\" srcset=\"http:\/\/www.fincasmoles.com\/wp-content\/uploads\/2015\/04\/desde1908-CAT.jpg 300w, http:\/\/www.fincasmoles.com\/wp-content\/uploads\/2015\/04\/desde1908-CAT-100x100.jpg 100w\" sizes=\"(max-width: 185px) 100vw, 185px\" \/><\/p>\n<div style=\"clear: left;\">\n\t<div class=\"slideshow_container slideshow_container_style-light\" style=\" max-width: 600px;\" data-slideshow-id=\"834\" data-style-name=\"style-light\" data-style-version=\"2.3.1\" >\n\n\t\t\t\t\t<div class=\"slideshow_loading_icon\"><\/div>\n\t\t\n\t\t<div class=\"slideshow_content\" style=\"display: none;\">\n\n\t\t\t<div class=\"slideshow_view\">\n\t\t\t\t<div class=\"slideshow_slide slideshow_slide_image\">\n\t\t\t\t\t\t\t\t\t\t\t<img src=\"http:\/\/www.fincasmoles.com\/wp-content\/uploads\/2015\/06\/slide08-CAT2.jpg\" alt=\"slide08-CAT\" width=\"750\" height=\"356\" \/>\n\t\t\t\t\t\t\t\t\t\t<div class=\"slideshow_description_box slideshow_transparent\">\n\t\t\t\t\t\t<div class=\"slideshow_title\">slide08-CAT<\/div>\t\t\t\t\t\t\t\t\t\t\t<\/div>\n\t\t\t\t<\/div>\n\n\t\t\t\t\t\t<div style=\"clear: both;\"><\/div><\/div><div class=\"slideshow_view\">\n\t\t\t\t<div class=\"slideshow_slide slideshow_slide_image\">\n\t\t\t\t\t\t\t\t\t\t\t<img src=\"http:\/\/www.fincasmoles.com\/wp-content\/uploads\/2015\/04\/slide02-CAT.jpg\" alt=\"slide02-CAT\" width=\"750\" height=\"356\" \/>\n\t\t\t\t\t\t\t\t\t\t<div class=\"slideshow_description_box slideshow_transparent\">\n\t\t\t\t\t\t<div class=\"slideshow_title\">slide02-CAT<\/div>\t\t\t\t\t\t\t\t\t\t\t<\/div>\n\t\t\t\t<\/div>\n\n\t\t\t\t\t\t<div style=\"clear: both;\"><\/div><\/div><div class=\"slideshow_view\">\n\t\t\t\t<div class=\"slideshow_slide slideshow_slide_image\">\n\t\t\t\t\t\t\t\t\t\t\t<img src=\"http:\/\/www.fincasmoles.com\/wp-content\/uploads\/2015\/04\/slide06-CAT.jpg\" alt=\"slide06-CAT\" width=\"750\" height=\"356\" \/>\n\t\t\t\t\t\t\t\t\t\t<div class=\"slideshow_description_box slideshow_transparent\">\n\t\t\t\t\t\t<div class=\"slideshow_title\">slide06-CAT<\/div>\t\t\t\t\t\t\t\t\t\t\t<\/div>\n\t\t\t\t<\/div>\n\n\t\t\t\t\t\t<div style=\"clear: both;\"><\/div><\/div><div class=\"slideshow_view\">\n\t\t\t\t<div class=\"slideshow_slide slideshow_slide_image\">\n\t\t\t\t\t\t\t\t\t\t\t<img src=\"http:\/\/www.fincasmoles.com\/wp-content\/uploads\/2015\/04\/slide05-CAT.jpg\" alt=\"slide05-CAT\" width=\"750\" height=\"356\" \/>\n\t\t\t\t\t\t\t\t\t\t<div class=\"slideshow_description_box slideshow_transparent\">\n\t\t\t\t\t\t<div class=\"slideshow_title\">slide05-CAT<\/div>\t\t\t\t\t\t\t\t\t\t\t<\/div>\n\t\t\t\t<\/div>\n\n\t\t\t\t\t\t<div style=\"clear: both;\"><\/div><\/div>\n\t\t<\/div>\n\n\t\t<div class=\"slideshow_controlPanel slideshow_transparent\" style=\"display: none;\"><ul><li class=\"slideshow_togglePlay\" data-play-text=\"Reprodueix\" data-pause-text=\"Pausa\"><\/li><\/ul><\/div>\n\n\t\t<div class=\"slideshow_button slideshow_previous slideshow_transparent\" role=\"button\" data-previous-text=\"Anterior\" style=\"display: none;\"><\/div>\n\t\t<div class=\"slideshow_button slideshow_next slideshow_transparent\" role=\"button\" data-next-text=\"Seg\u00fcent\" style=\"display: none;\"><\/div>\n\n\t\t<div class=\"slideshow_pagination\" style=\"display: none;\" data-go-to-text=\"V\u00e9s a la diapositiva\"><div class=\"slideshow_pagination_center\"><\/div><\/div>\n\n\t\t<!-- WordPress Slideshow Version 2.3.1 -->\n\n\t\t\t<\/div>\n\n<\/div>\n<div style=\"width: 50%; margin-top: 20px; float: right;\">\n<blockquote><p><span style=\"color: #c73a41;\"><strong>Fincas Moles S.L. <\/strong><\/span>som una <strong>empresa familiar<\/strong> dedicada al servei immobiliari a Barcelona <strong>des de ja fa m\u00e9s de 100 anys.<\/strong><\/p><\/blockquote>\n<\/div>\n<p><span style=\"font-size: 13pt;\">Posem al seu servei diversos departaments liderats per especialistes titulats perqu\u00e8 vost\u00e8 no hagi de preocupar-se de la gesti\u00f3 dels seus immobles, ja sigui per <a href=\"http:\/\/www.fincasmoles.com\/ca\/llistat-dinmobles\/como-alquilamos-eficientemente\/\">llogar<\/a> i\/o <a href=\"http:\/\/www.fincasmoles.com\/ca\/llistat-dinmobles\/vendre-el-seu-pis-o-local\/\">vendre<\/a>, aix\u00ed com <a href=\"http:\/\/www.fincasmoles.com\/ca\/llistat-dinmobles\/administracio-dels-lloguers\/\">administrar els seus lloguers<\/a> o b\u00e9 la seva <a href=\"http:\/\/www.fincasmoles.com\/ca\/administracio-de-finques-comunitats-de-propietaris\/\">comunitat de propietaris.<\/a><\/span><\/p>\n<p><span style=\"font-size: 13pt;\">L\u2019assessorem en temes <a href=\"http:\/\/www.fincasmoles.com\/ca\/departament-fiscal-comptable-i-laboral\/\">comptables, fiscals, laborals<\/a> i <a href=\"http:\/\/www.fincasmoles.com\/ca\/departamento-juridico\/\">jur\u00eddics<\/a>de manera propera i comprensible que qualsevol persona sense previs coneixements pugui comprendre. <\/span><\/p>\n<p><span style=\"font-size: 13pt;\">Reformem i reparem els seus immobles gr\u00e0cies al nostre\u00a0<a href=\"http:\/\/www.fincasmoles.com\/ca\/departamento-tecnico\/?lang=ca\"> departament t\u00e9cnic.<\/a>\u00a0Els peparem per la venda o lloguer gr\u00e0cies als nostres serveis de <a href=\"http:\/\/www.fincasmoles.com\/ca\/llistat-dinmobles\/home-staging\/\">Home Staging<\/a> and Relooking. L&#8217;aconsellem un\u00a0 <a href=\"http:\/\/www.fincasmoles.com\/ca\/llistat-dinmobles\/como-alquilamos-eficientemente\/\">preu objectiu<\/a>\u00a0de venda i\/o lloguer i <a href=\"http:\/\/www.fincasmoles.com\/ca\/llistat-dinmobles\/\">comercialitzem els immobles<\/a> en diversos portals immobiliaris.<\/span><\/p>\n","protected":false},"excerpt":{"rendered":"<p>Fincas Moles S.L. som una empresa familiar dedicada al servei immobiliari a Barcelona des de ja fa m\u00e9s de 100 anys. Posem al seu servei diversos departaments liderats per especialistes titulats perqu\u00e8 vost\u00e8 no hagi de preocupar-se de la gesti\u00f3 dels seus immobles, ja sigui per llogar i\/o vendre, aix\u00ed com administrar els seus lloguers&#8230;<a href=\"http:\/\/www.fincasmoles.com\/ca\/\" class=\"epl-more-link\">Llegir m\u00e9s&rarr;<\/a><\/p>\n","protected":false},"author":2,"featured_media":0,"parent":0,"menu_order":0,"comment_status":"open","ping_status":"open","template":"","meta":[],"yoast_head":"<!-- This site is optimized with the Yoast SEO plugin v19.9 - https:\/\/yoast.com\/wordpress\/plugins\/seo\/ -->\n<title>Fincas Moles - Fincas Moles<\/title>\n<meta name=\"robots\" content=\"index, follow, max-snippet:-1, max-image-preview:large, max-video-preview:-1\" \/>\n<link rel=\"canonical\" href=\"http:\/\/www.fincasmoles.com\/ca\/\" \/>\n<meta property=\"og:locale\" content=\"ca_ES\" \/>\n<meta property=\"og:type\" content=\"article\" \/>\n<meta property=\"og:title\" content=\"Fincas Moles - Fincas Moles\" \/>\n<meta property=\"og:description\" content=\"Fincas Moles S.L. som una empresa familiar dedicada al servei immobiliari a Barcelona des de ja fa m\u00e9s de 100 anys. Posem al seu servei diversos departaments liderats per especialistes titulats perqu\u00e8 vost\u00e8 no hagi de preocupar-se de la gesti\u00f3 dels seus immobles, ja sigui per llogar i\/o vendre, aix\u00ed com administrar els seus lloguers...Llegir m\u00e9s&rarr;\" \/>\n<meta property=\"og:url\" content=\"http:\/\/www.fincasmoles.com\/ca\/\" \/>\n<meta property=\"og:site_name\" content=\"Fincas Moles\" \/>\n<meta property=\"article:modified_time\" content=\"2022-11-08T07:50:00+00:00\" \/>\n<meta property=\"og:image\" content=\"http:\/\/www.fincasmoles.com\/wp-content\/uploads\/2015\/04\/oficina24h-CAT.jpg\" \/>\n<meta name=\"twitter:label1\" content=\"Temps estimat de lectura\" \/>\n\t<meta name=\"twitter:data1\" content=\"1 minut\" \/>\n<script type=\"application\/ld+json\" class=\"yoast-schema-graph\">{\"@context\":\"https:\/\/schema.org\",\"@graph\":[{\"@type\":\"WebPage\",\"@id\":\"http:\/\/www.fincasmoles.com\/ca\/\",\"url\":\"http:\/\/www.fincasmoles.com\/ca\/\",\"name\":\"Fincas Moles - Fincas Moles\",\"isPartOf\":{\"@id\":\"https:\/\/www.fincasmoles.com\/en\/#website\"},\"datePublished\":\"2015-04-21T18:50:00+00:00\",\"dateModified\":\"2022-11-08T07:50:00+00:00\",\"breadcrumb\":{\"@id\":\"http:\/\/www.fincasmoles.com\/ca\/#breadcrumb\"},\"inLanguage\":\"ca\",\"potentialAction\":[{\"@type\":\"ReadAction\",\"target\":[\"http:\/\/www.fincasmoles.com\/ca\/\"]}]},{\"@type\":\"BreadcrumbList\",\"@id\":\"http:\/\/www.fincasmoles.com\/ca\/#breadcrumb\",\"itemListElement\":[{\"@type\":\"ListItem\",\"position\":1,\"name\":\"Portada\",\"item\":\"http:\/\/www.fincasmoles.com\/ca\/\"},{\"@type\":\"ListItem\",\"position\":2,\"name\":\"Fincas Moles\"}]},{\"@type\":\"WebSite\",\"@id\":\"https:\/\/www.fincasmoles.com\/en\/#website\",\"url\":\"https:\/\/www.fincasmoles.com\/en\/\",\"name\":\"Fincas Moles\",\"description\":\"Moles\",\"potentialAction\":[{\"@type\":\"SearchAction\",\"target\":{\"@type\":\"EntryPoint\",\"urlTemplate\":\"https:\/\/www.fincasmoles.com\/en\/?s={search_term_string}\"},\"query-input\":\"required name=search_term_string\"}],\"inLanguage\":\"ca\"}]}<\/script>\n<!-- \/ Yoast SEO plugin. -->","yoast_head_json":{"title":"Fincas Moles - Fincas Moles","robots":{"index":"index","follow":"follow","max-snippet":"max-snippet:-1","max-image-preview":"max-image-preview:large","max-video-preview":"max-video-preview:-1"},"canonical":"http:\/\/www.fincasmoles.com\/ca\/","og_locale":"ca_ES","og_type":"article","og_title":"Fincas Moles - Fincas Moles","og_description":"Fincas Moles S.L. som una empresa familiar dedicada al servei immobiliari a Barcelona des de ja fa m\u00e9s de 100 anys. Posem al seu servei diversos departaments liderats per especialistes titulats perqu\u00e8 vost\u00e8 no hagi de preocupar-se de la gesti\u00f3 dels seus immobles, ja sigui per llogar i\/o vendre, aix\u00ed com administrar els seus lloguers...Llegir m\u00e9s&rarr;","og_url":"http:\/\/www.fincasmoles.com\/ca\/","og_site_name":"Fincas Moles","article_modified_time":"2022-11-08T07:50:00+00:00","og_image":[{"url":"http:\/\/www.fincasmoles.com\/wp-content\/uploads\/2015\/04\/oficina24h-CAT.jpg"}],"twitter_misc":{"Temps estimat de lectura":"1 minut"},"schema":{"@context":"https:\/\/schema.org","@graph":[{"@type":"WebPage","@id":"http:\/\/www.fincasmoles.com\/ca\/","url":"http:\/\/www.fincasmoles.com\/ca\/","name":"Fincas Moles - Fincas Moles","isPartOf":{"@id":"https:\/\/www.fincasmoles.com\/en\/#website"},"datePublished":"2015-04-21T18:50:00+00:00","dateModified":"2022-11-08T07:50:00+00:00","breadcrumb":{"@id":"http:\/\/www.fincasmoles.com\/ca\/#breadcrumb"},"inLanguage":"ca","potentialAction":[{"@type":"ReadAction","target":["http:\/\/www.fincasmoles.com\/ca\/"]}]},{"@type":"BreadcrumbList","@id":"http:\/\/www.fincasmoles.com\/ca\/#breadcrumb","itemListElement":[{"@type":"ListItem","position":1,"name":"Portada","item":"http:\/\/www.fincasmoles.com\/ca\/"},{"@type":"ListItem","position":2,"name":"Fincas Moles"}]},{"@type":"WebSite","@id":"https:\/\/www.fincasmoles.com\/en\/#website","url":"https:\/\/www.fincasmoles.com\/en\/","name":"Fincas Moles","description":"Moles","potentialAction":[{"@type":"SearchAction","target":{"@type":"EntryPoint","urlTemplate":"https:\/\/www.fincasmoles.com\/en\/?s={search_term_string}"},"query-input":"required name=search_term_string"}],"inLanguage":"ca"}]}},"_links":{"self":[{"href":"http:\/\/www.fincasmoles.com\/ca\/wp-json\/wp\/v2\/pages\/715"}],"collection":[{"href":"http:\/\/www.fincasmoles.com\/ca\/wp-json\/wp\/v2\/pages"}],"about":[{"href":"http:\/\/www.fincasmoles.com\/ca\/wp-json\/wp\/v2\/types\/page"}],"author":[{"embeddable":true,"href":"http:\/\/www.fincasmoles.com\/ca\/wp-json\/wp\/v2\/users\/2"}],"replies":[{"embeddable":true,"href":"http:\/\/www.fincasmoles.com\/ca\/wp-json\/wp\/v2\/comments?post=715"}],"version-history":[{"count":1,"href":"http:\/\/www.fincasmoles.com\/ca\/wp-json\/wp\/v2\/pages\/715\/revisions"}],"predecessor-version":[{"id":6747,"href":"http:\/\/www.fincasmoles.com\/ca\/wp-json\/wp\/v2\/pages\/715\/revisions\/6747"}],"wp:attachment":[{"href":"http:\/\/www.fincasmoles.com\/ca\/wp-json\/wp\/v2\/media?parent=715"}],"curies":[{"name":"wp","href":"https:\/\/api.w.org\/{rel}","templated":true}]}}