{"id":1285,"date":"2015-05-26T20:16:11","date_gmt":"2015-05-26T20:16:11","guid":{"rendered":"http:\/\/www.fincasmoles.com\/1283-2-2\/"},"modified":"2017-05-23T18:04:28","modified_gmt":"2017-05-23T18:04:28","slug":"aviso-legal","status":"publish","type":"page","link":"http:\/\/www.fincasmoles.com\/ca\/aviso-legal\/","title":{"rendered":"Aviso legal"},"content":{"rendered":"<p>En cumplimiento de la Ley 34\/2002, de 11 de julio, de Servicios de la Sociedad de la Informaci\u00f3n y de Comercio Electr\u00f3nico (LSSI-CE), FINCAS MOLES S.L. informa que es titular del sitio web test.fincasmoles.com. De acuerdo con la exigencia del art\u00edculo 10 de la citada Ley, FINCAS MOLES S.L. informa de los siguientes datos: El titular de este sitio web es FINCAS MOLES S.L., con CIF B60915451 y domicilio social en C\/ Enric Granados 13 Pral 1 08007 BARCELONA . La direcci\u00f3n de correo electr\u00f3nico de contacto con la empresa es: fincasmoles@fincasmoles.com .<\/p>\n<p><strong>USUARIO Y R\u00c9GIMEN DE RESPONSABILIDADES<\/strong><\/p>\n<p>La navegaci\u00f3n, acceso y uso por el sitio web de FINCAS MOLES S.L. confiere la condici\u00f3n de usuario, por la que se aceptan, desde la navegaci\u00f3n por el sitio web de FINCAS MOLES S.L., todas las condiciones de uso aqu\u00ed establecidas sin perjuicio de la aplicaci\u00f3n de la correspondiente normativa de obligado cumplimiento legal seg\u00fan el caso. El sitio web de FINCAS MOLES S.L. proporciona gran diversidad de informaci\u00f3n, servicios y datos. El usuario asume su responsabilidad en el uso correcto del sitio web. Esta responsabilidad se extender\u00e1 a:<\/p>\n<p>&#8211; La veracidad y licitud de las informaciones aportadas por el usuario en los formularios extendidos por FINCAS MOLES S.L. para el acceso a ciertos contenidos o servicios ofrecidos por el web.<\/p>\n<p>&#8211; El uso de la informaci\u00f3n, servicios y datos ofrecidos por FINCAS MOLES S.L. contrariamente a lo dispuesto por las presentes condiciones, la Ley, la moral, las buenas costumbres o el orden p\u00fablico, o que de cualquier otro modo puedan suponer lesi\u00f3n de los derechos de terceros o del mismo funcionamiento del sitio web.<\/p>\n<p><strong>POL\u00cdTICA DE ENLACES Y EXENCIONES DE RESPONSABILIDAD<\/strong><\/p>\n<p>FINCAS MOLES S.L. no se hace responsable del contenido de los sitios web a los que el usuario pueda acceder a trav\u00e9s de los enlaces establecidos en su sitio web y declara que en ning\u00fan caso proceder\u00e1 a examinar o ejercitar ning\u00fan tipo de control sobre el contenido de otros sitios de la red. As\u00ed mismo, tampoco garantizar\u00e1 la disponibilidad t\u00e9cnica, exactitud, veracidad, validez o legalidad de sitios ajenos a su propiedad a los que se pueda acceder por medio de los enlaces. FINCAS MOLES S.L. declara haber adoptado todas las medidas necesarias para evitar cualquier da\u00f1o a los usuarios de su sitio web, que pudieran derivarse de la navegaci\u00f3n por su sitio web. En consecuencia, FINCAS MOLES S.L. no se hace responsable, en ning\u00fan caso, de los eventuales da\u00f1os que por la navegaci\u00f3n por Internet pudiera sufrir el usuario.<\/p>\n<p><strong>MODIFICACIONES <\/strong><\/p>\n<p>FINCAS MOLES S.L. se reserva el derecho a realizar las modificaciones que considere oportunas, sin aviso previo, en el contenido de su sitio web. Tanto en lo referente a los contenidos del sitio web, como en las condiciones de uso del mismo. Dichas modificaciones podr\u00e1n realizarse a trav\u00e9s de su sitio web por cualquier forma admisible en derecho y ser\u00e1n de obligado cumplimiento durante el tiempo en que se encuentren publicadas en la web y hasta que no sean modificadas v\u00e1lidamente por otras posteriores. Asesoramiento y Adaptaci\u00f3n a la LSSI-CE \u00b7 Documentaci\u00f3n<\/p>\n<p><strong>PROTECCI\u00d3N DE DATOS<\/strong><\/p>\n<p>De conformidad con lo que establece la Ley Org\u00e1nica 15\/1999 de Protecci\u00f3n de Datos de Car\u00e1cter Personal (LOPD), FINCAS MOLES S.L. informa a los usuarios de su sitio web que los datos personales recabados por la empresa, mediante los formularios sitos en sus p\u00e1ginas, ser\u00e1n introducidos en un fichero automatizado bajo la responsabilidad de FINCAS MOLES S.L., con la finalidad de poder facilitar, agilizar y cumplir los compromisos establecidos entre ambas partes. As\u00ed mismo, FINCAS MOLES S.L. informa de la posibilidad de ejercer los derechos de acceso, rectificaci\u00f3n, cancelaci\u00f3n y oposici\u00f3n mediante un escrito a la direcci\u00f3n: C\/ Enric Granados 13 Pral 1 08007 (BARCELONA). Mientras el usuario no comunique lo contrario a FINCAS MOLES S.L., \u00e9sta entender\u00e1 que sus datos no han sido modificados, que el usuario se compromete a notificar a FINCAS MOLES S.L. cualquier variaci\u00f3n y que FINCAS MOLES S.L. tiene el consentimiento para utilizarlos a fin de poder fidelizar la relaci\u00f3n entre las partes.<\/p>\n<p><strong> PROPIEDAD INTELECTUAL E INDUSTRIAL<\/strong><\/p>\n<p>FINCAS MOLES S.L. por s\u00ed misma o como cesionaria, es titular de todos los derechos de propiedad intelectual e industrial de su p\u00e1gina web, as\u00ed como de los elementos contenidos en la misma (a t\u00edtulo enunciativo, im\u00e1genes, sonido, audio, v\u00eddeo, software o textos; marcas o logotipos, combinaciones de colores, estructura y dise\u00f1o, selecci\u00f3n de materiales usados, programas de ordenador necesarios para su funcionamiento, acceso y uso, etc.), titularidad de FINCAS MOLES S.L.. Ser\u00e1n, por consiguiente, obras protegidas como propiedad intelectual por el ordenamiento jur\u00eddico espa\u00f1ol, si\u00e9ndoles aplicables tanto la normativa espa\u00f1ola y comunitaria en este campo, como los tratados internacionales relativos a la materia y suscritos por Espa\u00f1a. Todos los derechos reservados. En virtud de lo dispuesto en los art\u00edculos 8 y 32.1, p\u00e1rrafo segundo, de la Ley de Propiedad Intelectual, quedan expresamente prohibidas la reproducci\u00f3n, la distribuci\u00f3n y la comunicaci\u00f3n p\u00fablica, incluida su modalidad de puesta a disposici\u00f3n, de la totalidad o parte de los contenidos de esta p\u00e1gina web, con fines comerciales, en cualquier soporte y por cualquier medio t\u00e9cnico, sin la autorizaci\u00f3n de FINCAS MOLES S.L.. El usuario se compromete a respetar los derechos de Propiedad Intelectual e Industrial titularidad de FINCAS MOLES S.L.. Podr\u00e1 visualizar los elementos del portal e incluso imprimirlos, copiarlos y almacenarlos en el disco duro de su ordenador o en cualquier otro soporte f\u00edsico siempre y cuando sea, \u00fanica y exclusivamente, para su uso personal y privado. El usuario deber\u00e1 abstenerse de suprimir, alterar, eludir o manipular cualquier dispositivo de protecci\u00f3n o sistema de seguridad que estuviera instalado en las p\u00e1ginas de FINCAS MOLES S.L..<\/p>\n<p><strong>ACCIONES LEGALES, LEGISLACI\u00d3N APLICABLE Y JURISDICCI\u00d3N<\/strong><\/p>\n<p>FINCAS MOLES S.L. se reserva, as\u00ed mismo, la facultad de presentar las acciones civiles o penales que considere oportunas por la utilizaci\u00f3n indebida de su sitio web y contenidos, o por el incumplimiento de las presentes condiciones. La relaci\u00f3n entre el usuario y el prestador se regir\u00e1 por la normativa vigente y de aplicaci\u00f3n en el territorio espa\u00f1ol. De surgir cualquier controversia las partes podr\u00e1n someter sus conflictos a arbitraje o acudir a la jurisdicci\u00f3n ordinaria cumpliendo con las normas sobre jurisdicci\u00f3n y competencia al respecto. FINCAS MOLES S.L. tiene su domicilio en Espa\u00f1a.<\/p>\n<p><strong>Pol\u00edtica de Cookies <\/strong><\/p>\n<p>Una Cookie es un fichero que se descarga en su ordenador al acceder a determinadas p\u00e1ginas web. Las cookies permiten a una p\u00e1gina web, entre otras cosas, almacenar y recuperar informaci\u00f3n sobre los h\u00e1bitos de navegaci\u00f3n de un usuario o de su equipo y, dependiendo de la informaci\u00f3n que contenga y de la forma en que utilice su equipo, pueden utilizarse para reconocer al usuario. Las cookies son esenciales para el funcionamiento de internet, aportando innumerables ventajas en la prestaci\u00f3n de servicios interactivos, facilit\u00e1ndole la navegaci\u00f3n y usabilidad de nuestra web<\/p>\n<p><strong>Tipos de Cookies<\/strong><\/p>\n<p>Existen diversos tipos de cookies en funci\u00f3n de la finalidad para la que se utilizan. Utilizamos los siguientes tipos de cookies:<\/p>\n<p>Cookies t\u00e9cnicas : Son aqu\u00e9llas que permiten al usuario la navegaci\u00f3n a trav\u00e9s de la p\u00e1gina web y la utilizaci\u00f3n de las diferentes opciones o servicios que existen en ella como, por ejemplo, identificar la sesi\u00f3n, acceder a partes de acceso restringido, realizar el proceso de compra de un pedido o compartir contenidos a trav\u00e9s de redes sociales.<\/p>\n<p>Cookies anal\u00edticas : Son aqu\u00e9llas que nos permiten realizar el seguimiento y an\u00e1lisis del comportamiento de los usuarios de nuestro sitio web. Utilizamos los servicios de Google Analitycs para realizar estos an\u00e1lisis. Las condiciones de estos servicios pueden consultarse en las siguientes direcciones: https:\/\/developers.google.com\/analytics\/devguides\/collection\/analyticsjs\/cookie-usage<\/p>\n<p>Cookies publicitarias : son aqu\u00e9llas que nos permiten gestionar, de la forma m\u00e1s eficaz posible, los espacios publicitarios de nuestro sitio web, en base a criterios como el contenido editado o la frecuencia con la que se muestran anuncios.<\/p>\n<p>Cookies sociales : Son aqu\u00e9llas que los proveedores de servicios de redes sociales pueden instalar cuando el usuario selecciona compartir un determinado contenido de nuestro sitio web en la red social que operan. Las condiciones de estos servicios pueden consultarse en las siguientes direcciones: Facebook: https:\/\/www.facebook.com\/about\/privacy\/cookies Twitter: https:\/\/twitter.com\/privacy Google Plus\/YouTube: http:\/\/www.google.es\/intl\/es\/policies\/technologies\/types Gesti\u00f3n de Cookies La instalaci\u00f3n de las cookies se producir\u00e1 tras obtener el consentimiento de los usuarios. Consideramos que hemos obtenido dicho consentimiento si el usuario navega por nuestro sitio web, o si realiza determinadas acciones que implican la autorizaci\u00f3n expresa de la instalaci\u00f3n de las cookies (p.ej. al seleccionar \u201cRecordarme durante 15 d\u00edas\u201d o al registrarse como usuario de Abansys). Si el usuario desea revocar el consentimiento prestado deber\u00e1 eliminar las cookies instaladas y, en su caso, modificar sus preferencias sobre la aceptaci\u00f3n de cookies a trav\u00e9s de las opciones de su navegador. Para evitar que se instalen en el futuro deber\u00e1 activar las opciones de Navegaci\u00f3n Privada o \u201cDo-Not-Track\u201d previstas en su navegador, es decir, bloquear o desactivar la instalaci\u00f3n de cookies. Para permitir, bloquear o eliminar las cookies instaladas en tu equipo o dispositivo mediante la configuraci\u00f3n de las opciones del navegador instalado en el mismo, debes seguir las instrucciones proporcionadas por el propio navegador. A continuaci\u00f3n te proporcionamos los enlaces para configurar las cookies de los navegadores m\u00e1s populares: Internet Explorer: Eliminar y administrar cookies Mozilla Firefox: Borrar Cookies ; Impedir que los sitios web guarden sus preferencias o estados de sesi\u00f3n en Firefox Google Chrome: C\u00f3mo administrar cookies y datos de sitios Opera: cookies Safari: Ajustes web de Safari Si utilizas cualquier otro navegador, o los enlaces proporcionados no contienen la informaci\u00f3n que deseas, puedes localizar c\u00f3mo gestionar las cookies que se instalan en tu equipo accediendo al men\u00fa \u201cOpciones\u201d o \u201cConfiguraci\u00f3n\u201d \u2013o equivalente- del navegador, o bien consultando la secci\u00f3n de \u201cAyuda\u201d o \u201cSoporte\u201d del propio navegador. Hay navegadores que permiten configurar reglas espec\u00edficas \u2013excepciones- para administrar las cookies por sitio web, de forma que pueden inhabilitarse las cookies de todos los sitios salvo de aquellos en los que se conf\u00ede. En caso de bloquear o desactivar el uso de &#8216;cookies&#8217; en tu navegador es posible que algunos servicios o funcionalidades de la p\u00e1gina web no est\u00e9n disponibles. Recuerda que debes configurar tus preferencias en todos los dispositivos que utilices para navegar por internet. Seg\u00fan lo dispuesto en el art\u00edculo 22.2 de la Ley 34\/2002, de 11 de julio, de Servicios de la Sociedad de la Informaci\u00f3n y de Comercio Electr\u00f3nico (LSSI-CE), FINCAS MOLES S.L. informa de las cookies utilizadas en nuestra website:<\/p>\n","protected":false},"excerpt":{"rendered":"<p>En cumplimiento de la Ley 34\/2002, de 11 de julio, de Servicios de la Sociedad de la Informaci\u00f3n y de Comercio Electr\u00f3nico (LSSI-CE), FINCAS MOLES S.L. informa que es titular del sitio web test.fincasmoles.com. De acuerdo con la exigencia del art\u00edculo 10 de la citada Ley, FINCAS MOLES S.L. informa de los siguientes datos: El&#8230;<a href=\"http:\/\/www.fincasmoles.com\/ca\/aviso-legal\/\" class=\"epl-more-link\">Llegir m\u00e9s&rarr;<\/a><\/p>\n","protected":false},"author":2,"featured_media":0,"parent":0,"menu_order":0,"comment_status":"closed","ping_status":"open","template":"","meta":[],"yoast_head":"<!-- This site is optimized with the Yoast SEO plugin v19.9 - https:\/\/yoast.com\/wordpress\/plugins\/seo\/ -->\n<title>Aviso legal - Fincas Moles<\/title>\n<meta name=\"robots\" content=\"index, follow, max-snippet:-1, max-image-preview:large, max-video-preview:-1\" \/>\n<link rel=\"canonical\" href=\"http:\/\/www.fincasmoles.com\/ca\/aviso-legal\/\" \/>\n<meta property=\"og:locale\" content=\"ca_ES\" \/>\n<meta property=\"og:type\" content=\"article\" \/>\n<meta property=\"og:title\" content=\"Aviso legal - Fincas Moles\" \/>\n<meta property=\"og:description\" content=\"En cumplimiento de la Ley 34\/2002, de 11 de julio, de Servicios de la Sociedad de la Informaci\u00f3n y de Comercio Electr\u00f3nico (LSSI-CE), FINCAS MOLES S.L. informa que es titular del sitio web test.fincasmoles.com. De acuerdo con la exigencia del art\u00edculo 10 de la citada Ley, FINCAS MOLES S.L. informa de los siguientes datos: El...Llegir m\u00e9s&rarr;\" \/>\n<meta property=\"og:url\" content=\"http:\/\/www.fincasmoles.com\/ca\/aviso-legal\/\" \/>\n<meta property=\"og:site_name\" content=\"Fincas Moles\" \/>\n<meta property=\"article:modified_time\" content=\"2017-05-23T18:04:28+00:00\" \/>\n<meta name=\"twitter:label1\" content=\"Temps estimat de lectura\" \/>\n\t<meta name=\"twitter:data1\" content=\"9 minuts\" \/>\n<script type=\"application\/ld+json\" class=\"yoast-schema-graph\">{\"@context\":\"https:\/\/schema.org\",\"@graph\":[{\"@type\":\"WebPage\",\"@id\":\"http:\/\/www.fincasmoles.com\/ca\/aviso-legal\/\",\"url\":\"http:\/\/www.fincasmoles.com\/ca\/aviso-legal\/\",\"name\":\"Aviso legal - Fincas Moles\",\"isPartOf\":{\"@id\":\"https:\/\/www.fincasmoles.com\/#website\"},\"datePublished\":\"2015-05-26T20:16:11+00:00\",\"dateModified\":\"2017-05-23T18:04:28+00:00\",\"breadcrumb\":{\"@id\":\"http:\/\/www.fincasmoles.com\/ca\/aviso-legal\/#breadcrumb\"},\"inLanguage\":\"ca\",\"potentialAction\":[{\"@type\":\"ReadAction\",\"target\":[\"http:\/\/www.fincasmoles.com\/ca\/aviso-legal\/\"]}]},{\"@type\":\"BreadcrumbList\",\"@id\":\"http:\/\/www.fincasmoles.com\/ca\/aviso-legal\/#breadcrumb\",\"itemListElement\":[{\"@type\":\"ListItem\",\"position\":1,\"name\":\"Portada\",\"item\":\"https:\/\/www.fincasmoles.com\/ca\/\"},{\"@type\":\"ListItem\",\"position\":2,\"name\":\"Aviso legal\"}]},{\"@type\":\"WebSite\",\"@id\":\"https:\/\/www.fincasmoles.com\/#website\",\"url\":\"https:\/\/www.fincasmoles.com\/\",\"name\":\"Fincas Moles\",\"description\":\"Moles\",\"potentialAction\":[{\"@type\":\"SearchAction\",\"target\":{\"@type\":\"EntryPoint\",\"urlTemplate\":\"https:\/\/www.fincasmoles.com\/?s={search_term_string}\"},\"query-input\":\"required name=search_term_string\"}],\"inLanguage\":\"ca\"}]}<\/script>\n<!-- \/ Yoast SEO plugin. -->","yoast_head_json":{"title":"Aviso legal - Fincas Moles","robots":{"index":"index","follow":"follow","max-snippet":"max-snippet:-1","max-image-preview":"max-image-preview:large","max-video-preview":"max-video-preview:-1"},"canonical":"http:\/\/www.fincasmoles.com\/ca\/aviso-legal\/","og_locale":"ca_ES","og_type":"article","og_title":"Aviso legal - Fincas Moles","og_description":"En cumplimiento de la Ley 34\/2002, de 11 de julio, de Servicios de la Sociedad de la Informaci\u00f3n y de Comercio Electr\u00f3nico (LSSI-CE), FINCAS MOLES S.L. informa que es titular del sitio web test.fincasmoles.com. De acuerdo con la exigencia del art\u00edculo 10 de la citada Ley, FINCAS MOLES S.L. informa de los siguientes datos: El...Llegir m\u00e9s&rarr;","og_url":"http:\/\/www.fincasmoles.com\/ca\/aviso-legal\/","og_site_name":"Fincas Moles","article_modified_time":"2017-05-23T18:04:28+00:00","twitter_misc":{"Temps estimat de lectura":"9 minuts"},"schema":{"@context":"https:\/\/schema.org","@graph":[{"@type":"WebPage","@id":"http:\/\/www.fincasmoles.com\/ca\/aviso-legal\/","url":"http:\/\/www.fincasmoles.com\/ca\/aviso-legal\/","name":"Aviso legal - Fincas Moles","isPartOf":{"@id":"https:\/\/www.fincasmoles.com\/#website"},"datePublished":"2015-05-26T20:16:11+00:00","dateModified":"2017-05-23T18:04:28+00:00","breadcrumb":{"@id":"http:\/\/www.fincasmoles.com\/ca\/aviso-legal\/#breadcrumb"},"inLanguage":"ca","potentialAction":[{"@type":"ReadAction","target":["http:\/\/www.fincasmoles.com\/ca\/aviso-legal\/"]}]},{"@type":"BreadcrumbList","@id":"http:\/\/www.fincasmoles.com\/ca\/aviso-legal\/#breadcrumb","itemListElement":[{"@type":"ListItem","position":1,"name":"Portada","item":"https:\/\/www.fincasmoles.com\/ca\/"},{"@type":"ListItem","position":2,"name":"Aviso legal"}]},{"@type":"WebSite","@id":"https:\/\/www.fincasmoles.com\/#website","url":"https:\/\/www.fincasmoles.com\/","name":"Fincas Moles","description":"Moles","potentialAction":[{"@type":"SearchAction","target":{"@type":"EntryPoint","urlTemplate":"https:\/\/www.fincasmoles.com\/?s={search_term_string}"},"query-input":"required name=search_term_string"}],"inLanguage":"ca"}]}},"_links":{"self":[{"href":"http:\/\/www.fincasmoles.com\/ca\/wp-json\/wp\/v2\/pages\/1285"}],"collection":[{"href":"http:\/\/www.fincasmoles.com\/ca\/wp-json\/wp\/v2\/pages"}],"about":[{"href":"http:\/\/www.fincasmoles.com\/ca\/wp-json\/wp\/v2\/types\/page"}],"author":[{"embeddable":true,"href":"http:\/\/www.fincasmoles.com\/ca\/wp-json\/wp\/v2\/users\/2"}],"replies":[{"embeddable":true,"href":"http:\/\/www.fincasmoles.com\/ca\/wp-json\/wp\/v2\/comments?post=1285"}],"version-history":[{"count":0,"href":"http:\/\/www.fincasmoles.com\/ca\/wp-json\/wp\/v2\/pages\/1285\/revisions"}],"wp:attachment":[{"href":"http:\/\/www.fincasmoles.com\/ca\/wp-json\/wp\/v2\/media?parent=1285"}],"curies":[{"name":"wp","href":"https:\/\/api.w.org\/{rel}","templated":true}]}}